{"id":46715,"date":"2023-03-01T08:57:03","date_gmt":"2023-03-01T07:57:03","guid":{"rendered":"https:\/\/www.maisonshotesprovence.com\/about-us\/"},"modified":"2024-01-23T06:29:11","modified_gmt":"2024-01-23T05:29:11","slug":"about-us","status":"publish","type":"page","link":"https:\/\/maisonshotesprovence.com\/en\/about-us\/","title":{"rendered":"About us"},"content":{"rendered":"<h2>About Les Maisons d&#8217;H\u00f4tes de Provence<\/h2>\n<p>Discover our history, our values and what makes us the ideal choice for your stay in Provence.<\/p>\n<p><b>We don&#8217;t just offer accommodation, but a complete experience:  <\/b>you&#8217;ll not only be welcomed in a place that meets certain standards, but you&#8217;ll also be able to take advantage of our warm welcome and our recommendations for discovering the region at its best through a real sensory journey. Whether you&#8217;re visiting us for a couple&#8217;s vacation, a romantic weekend, a quiet getaway, a relaxing business stopover, a desire for authenticity, nature and gentle idleness: you&#8217;re bound to find what you&#8217;re looking for among our various guest houses!<\/p>\n<p>\t\t\t\t\t\t\t\t\t\t\t\t\t\t\t<img fetchpriority=\"high\" decoding=\"async\" width=\"400\" height=\"384\" src=\"https:\/\/maisonshotesprovence.com\/wp-content\/uploads\/2023\/09\/logos_MHP_V_L.png\" alt=\"Logo Rond Maisons d&#039;h&#039;h\u00f4tes de Provence\" srcset=\"https:\/\/maisonshotesprovence.com\/wp-content\/uploads\/2023\/09\/logos_MHP_V_L.png 400w, https:\/\/maisonshotesprovence.com\/wp-content\/uploads\/2023\/09\/logos_MHP_V_L-300x288.png 300w\" sizes=\"(max-width: 400px) 100vw, 400px\" \/>\t\t\t\t\t\t\t\t\t\t\t\t\t\t\t<\/p>\n<h2>Qui sommes-nous ?<\/h2>\n<p>&#8220;Les Maisons d&#8217;H\u00f4tes de Provence&#8221; is an independent association of 17 B&amp;Bs, all located in the Var region. For 18 years we&#8217;ve been working to offer &#8220;simple luxury&#8221; and share the treasures of the region where we live. We share many common values, not least a deep love of our region and all it has to offer our guests. Much more than just a geographical location, Provence and the Var represent for us an art of living, with nuggets to be discovered thanks to our unique thematic tour of one of France&#8217;s most beautiful regions.\n<\/p>\n<p>Each has its own special charm, which you can discover on our website. <\/p>\n<p>We&#8217;ve structured our site around sensory trails, as well as the activities our beautiful region has to offer. Next to each course or activity, you&#8217;ll find the associated houses that are part of our network.  <\/p>\n<p>Enjoy discovering the site and finding your Proven\u00e7al happiness!<\/p>\n<p>\t\t\t<a href=\"https:\/\/www.maisonshotesprovence.com\/nos-maisons\/\" target=\"_blank\" rel=\"noopener\"><br \/>\n\t\t\t\t<svg aria-hidden=\"true\" viewBox=\"0 0 192 512\" xmlns=\"http:\/\/www.w3.org\/2000\/svg\"><path d=\"M0 384.662V127.338c0-17.818 21.543-26.741 34.142-14.142l128.662 128.662c7.81 7.81 7.81 20.474 0 28.284L34.142 398.804C21.543 411.404 0 402.48 0 384.662z\"><\/path><\/svg><br \/>\n\t\t\t\t\t\tDiscover our guest houses<br \/>\n\t\t\t\t\t<\/a><br \/>\n\t\t\t\t0<br \/>\n\t\t\t\tK<br \/>\n\t\t\t\t\t\t\tReservations<br \/>\n\t\t\t\t0<br \/>\n\t\t\t\t+<br \/>\n\t\t\t\t\t\t\tGuest houses<br \/>\n\t\t\t\t0<br \/>\n\t\t\t\tk<br \/>\n\t\t\t\t\t\t\tSatisfied customers<br \/>\n\t\t\t\t0<br \/>\n\t\t\t\t+<br \/>\n\t\t\t\t\t\t\tAvailable rooms<br \/>\n\t\t\t\t0<br \/>\n\t\t\t\t+<br \/>\n\t\t\t\t\t\t\tYears of existence<\/p>\n<h2>Our charter<\/h2>\n<p>\n\t\t\t\t\t\tWhat can you expect when you visit our member homes?\n\t\t\t\t<\/p>\n<p>\n\t\t\t\t\t\tOur team is committed to providing you with a warm welcome and impeccable professionalism. Each of our guest houses meets a very specific quality charter, so you can be sure of staying in a quality place with top-of-the-range services. In fact, several of our member houses have been awarded the Chambres d&#8217;H\u00f4tes R\u00e9f\u00e9rence label.<br \/>\nWe&#8217;re proud to say that our guests are very satisfied with their stays, with an average Google rating of 4.6\/5.\t\t\t\t\t<\/p>\n<p>\n\t\t\t\t\t\tDirect contact\n\t\t\t\t<\/p>\n<p>\n\t\t\t\t\t\tUse the &#8220;Contact the owner&#8221; button to arrange a visit to the guesthouse you&#8217;re interested in, or even book it.\t\t\t\t\t<\/p>\n<p>\n\t\t\t\t\t\tBook your guest house\n\t\t\t\t<\/p>\n<p>\n\t\t\t\t\t\tGo to the page corresponding to your wish. You will then be redirected to a reliable booking platform to finalize your reservation.\t\t\t\t\t<\/p>\n<p>\t\t\t<a href=\"https:\/\/www.maisonshotesprovence.com\/nos-maisons\/\" target=\"_blank\" rel=\"noopener\"><br \/>\n\t\t\t\t<svg aria-hidden=\"true\" viewBox=\"0 0 192 512\" xmlns=\"http:\/\/www.w3.org\/2000\/svg\"><path d=\"M0 384.662V127.338c0-17.818 21.543-26.741 34.142-14.142l128.662 128.662c7.81 7.81 7.81 20.474 0 28.284L34.142 398.804C21.543 411.404 0 402.48 0 384.662z\"><\/path><\/svg><br \/>\n\t\t\t\t\t\tDiscover our guest houses<br \/>\n\t\t\t\t\t<\/a><\/p>\n<h3>Why choose Les Maisons d&#8217;H\u00f4tes de Provence<\/h3>\n<p>We are committed to providing our customers with an authentic, high-quality experience.<\/p>\n<p>\n\t\t\t\t\t\tGuaranteed quality\n\t\t\t\t<\/p>\n<p>\n\t\t\t\t\t\tAll our guest houses comply with a strict quality charter.\t\t\t\t\t<\/p>\n<p>\n\t\t\t\t\t\tVariety of choices\n\t\t\t\t<\/p>\n<p>\n\t\t\t\t\t\tWith 17 guest houses, each unique, each with its own charm, you&#8217;ll find the perfect place for your stay.\t\t\t\t\t<\/p>\n<p>\n\t\t\t\t\t\tAuthentic experience\n\t\t\t\t<\/p>\n<p>\n\t\t\t\t\t\tOur guest houses offer a true immersion in Provence with Provencal Savoir Vivre\t\t\t\t\t<\/p>\n<p>\n\t\t\t\t\t\tPractical booking\n\t\t\t\t<\/p>\n<p>\n\t\t\t\t\t\tWe make it easy to book your stay: some of our homes can be booked from this site, and for those that can&#8217;t, we redirect you to our members&#8217; sites.\t\t\t\t\t<\/p>\n<p>\n\t\t\t\t\t\tCustomer satisfaction\n\t\t\t\t<\/p>\n<p>\n\t\t\t\t\t\tWith over 5,000 satisfied customers, we&#8217;re proud of the quality of our service.\t\t\t\t\t<\/p>\n<h3>\n\t\t\t\t\t\tA warm welcome<br \/>\n\t\t\t\t<\/h3>\n<p>\n\t\t\t\t\t\tWe would like to welcome you in the best conditions.\t\t\t\t\t<\/p>\n<h2>Discover our guest houses in Provence<\/h2>\n<p>Browse the map to discover the location of our guest houses and find the perfect place for your stay.<\/p>\n\n<p>Contact us<\/p>\n<p>Do you have any questions or need help planning your stay? Fill in the form below and our team will get back to you as soon as possible.<\/p>\n","protected":false},"excerpt":{"rendered":"<p>About Les Maisons d&#8217;H\u00f4tes de Provence Discover our history, our values and what makes us the ideal choice for your stay in Provence. We don&#8217;t just offer accommodation, but a complete experience: you&#8217;ll not only be welcomed in a place that meets certain standards, but you&#8217;ll also be able to take advantage of our warm [&hellip;]<\/p>\n","protected":false},"author":2,"featured_media":0,"parent":0,"menu_order":0,"comment_status":"closed","ping_status":"closed","template":"elementor_header_footer","meta":{"_monsterinsights_skip_tracking":false,"_monsterinsights_sitenote_active":false,"_monsterinsights_sitenote_note":"","_monsterinsights_sitenote_category":0,"footnotes":""},"folder":[],"class_list":["post-46715","page","type-page","status-publish","hentry"],"yoast_head":"<!-- This site is optimized with the Yoast SEO plugin v26.8 - https:\/\/yoast.com\/product\/yoast-seo-wordpress\/ -->\n<title>About us - Les Maisons d&#039;h\u00f4tes de Provence<\/title>\n<meta name=\"robots\" content=\"index, follow, max-snippet:-1, max-image-preview:large, max-video-preview:-1\" \/>\n<link rel=\"canonical\" href=\"https:\/\/maisonshotesprovence.com\/en\/about-us\/\" \/>\n<meta property=\"og:locale\" content=\"en_US\" \/>\n<meta property=\"og:type\" content=\"article\" \/>\n<meta property=\"og:title\" content=\"About us - Les Maisons d&#039;h\u00f4tes de Provence\" \/>\n<meta property=\"og:description\" content=\"About Les Maisons d&#8217;H\u00f4tes de Provence Discover our history, our values and what makes us the ideal choice for your stay in Provence. We don&#8217;t just offer accommodation, but a complete experience: you&#8217;ll not only be welcomed in a place that meets certain standards, but you&#8217;ll also be able to take advantage of our warm [&hellip;]\" \/>\n<meta property=\"og:url\" content=\"https:\/\/maisonshotesprovence.com\/en\/about-us\/\" \/>\n<meta property=\"og:site_name\" content=\"Les Maisons d&#039;h\u00f4tes de Provence\" \/>\n<meta property=\"article:publisher\" content=\"https:\/\/www.facebook.com\/maisonsdhotesdeprovence\" \/>\n<meta property=\"article:modified_time\" content=\"2024-01-23T05:29:11+00:00\" \/>\n<meta property=\"og:image\" content=\"https:\/\/maisonshotesprovence.com\/wp-content\/uploads\/2023\/09\/logos_MHP_V_L.png\" \/>\n<meta name=\"twitter:card\" content=\"summary_large_image\" \/>\n<meta name=\"twitter:label1\" content=\"Est. reading time\" \/>\n\t<meta name=\"twitter:data1\" content=\"3 minutes\" \/>\n<script type=\"application\/ld+json\" class=\"yoast-schema-graph\">{\"@context\":\"https:\/\/schema.org\",\"@graph\":[{\"@type\":\"WebPage\",\"@id\":\"https:\/\/maisonshotesprovence.com\/en\/about-us\/\",\"url\":\"https:\/\/maisonshotesprovence.com\/en\/about-us\/\",\"name\":\"About us - Les Maisons d&#039;h\u00f4tes de Provence\",\"isPartOf\":{\"@id\":\"https:\/\/maisonshotesprovence.com\/#website\"},\"primaryImageOfPage\":{\"@id\":\"https:\/\/maisonshotesprovence.com\/en\/about-us\/#primaryimage\"},\"image\":{\"@id\":\"https:\/\/maisonshotesprovence.com\/en\/about-us\/#primaryimage\"},\"thumbnailUrl\":\"https:\/\/maisonshotesprovence.com\/wp-content\/uploads\/2023\/09\/logos_MHP_V_L.png\",\"datePublished\":\"2023-03-01T07:57:03+00:00\",\"dateModified\":\"2024-01-23T05:29:11+00:00\",\"breadcrumb\":{\"@id\":\"https:\/\/maisonshotesprovence.com\/en\/about-us\/#breadcrumb\"},\"inLanguage\":\"en-US\",\"potentialAction\":[{\"@type\":\"ReadAction\",\"target\":[\"https:\/\/maisonshotesprovence.com\/en\/about-us\/\"]}]},{\"@type\":\"ImageObject\",\"inLanguage\":\"en-US\",\"@id\":\"https:\/\/maisonshotesprovence.com\/en\/about-us\/#primaryimage\",\"url\":\"https:\/\/maisonshotesprovence.com\/wp-content\/uploads\/2023\/09\/logos_MHP_V_L.png\",\"contentUrl\":\"https:\/\/maisonshotesprovence.com\/wp-content\/uploads\/2023\/09\/logos_MHP_V_L.png\"},{\"@type\":\"BreadcrumbList\",\"@id\":\"https:\/\/maisonshotesprovence.com\/en\/about-us\/#breadcrumb\",\"itemListElement\":[{\"@type\":\"ListItem\",\"position\":1,\"name\":\"Accueil\",\"item\":\"https:\/\/maisonshotesprovence.com\/en\/home\/\"},{\"@type\":\"ListItem\",\"position\":2,\"name\":\"About us\"}]},{\"@type\":\"WebSite\",\"@id\":\"https:\/\/maisonshotesprovence.com\/#website\",\"url\":\"https:\/\/maisonshotesprovence.com\/\",\"name\":\"Les Maisons d'h\u00f4tes de Provence\",\"description\":\"\",\"publisher\":{\"@id\":\"https:\/\/maisonshotesprovence.com\/#organization\"},\"potentialAction\":[{\"@type\":\"SearchAction\",\"target\":{\"@type\":\"EntryPoint\",\"urlTemplate\":\"https:\/\/maisonshotesprovence.com\/?s={search_term_string}\"},\"query-input\":{\"@type\":\"PropertyValueSpecification\",\"valueRequired\":true,\"valueName\":\"search_term_string\"}}],\"inLanguage\":\"en-US\"},{\"@type\":\"Organization\",\"@id\":\"https:\/\/maisonshotesprovence.com\/#organization\",\"name\":\"Les Maisons d'h\u00f4tes de Provence\",\"url\":\"https:\/\/maisonshotesprovence.com\/\",\"logo\":{\"@type\":\"ImageObject\",\"inLanguage\":\"en-US\",\"@id\":\"https:\/\/maisonshotesprovence.com\/#\/schema\/logo\/image\/\",\"url\":\"https:\/\/maisonshotesprovence.com\/wp-content\/uploads\/2023\/09\/logos_MHP_H_L.png\",\"contentUrl\":\"https:\/\/maisonshotesprovence.com\/wp-content\/uploads\/2023\/09\/logos_MHP_H_L.png\",\"width\":495,\"height\":140,\"caption\":\"Les Maisons d'h\u00f4tes de Provence\"},\"image\":{\"@id\":\"https:\/\/maisonshotesprovence.com\/#\/schema\/logo\/image\/\"},\"sameAs\":[\"https:\/\/www.facebook.com\/maisonsdhotesdeprovence\"]}]}<\/script>\n<!-- \/ Yoast SEO plugin. -->","yoast_head_json":{"title":"About us - Les Maisons d&#039;h\u00f4tes de Provence","robots":{"index":"index","follow":"follow","max-snippet":"max-snippet:-1","max-image-preview":"max-image-preview:large","max-video-preview":"max-video-preview:-1"},"canonical":"https:\/\/maisonshotesprovence.com\/en\/about-us\/","og_locale":"en_US","og_type":"article","og_title":"About us - Les Maisons d&#039;h\u00f4tes de Provence","og_description":"About Les Maisons d&#8217;H\u00f4tes de Provence Discover our history, our values and what makes us the ideal choice for your stay in Provence. We don&#8217;t just offer accommodation, but a complete experience: you&#8217;ll not only be welcomed in a place that meets certain standards, but you&#8217;ll also be able to take advantage of our warm [&hellip;]","og_url":"https:\/\/maisonshotesprovence.com\/en\/about-us\/","og_site_name":"Les Maisons d&#039;h\u00f4tes de Provence","article_publisher":"https:\/\/www.facebook.com\/maisonsdhotesdeprovence","article_modified_time":"2024-01-23T05:29:11+00:00","og_image":[{"url":"https:\/\/maisonshotesprovence.com\/wp-content\/uploads\/2023\/09\/logos_MHP_V_L.png","type":"","width":"","height":""}],"twitter_card":"summary_large_image","twitter_misc":{"Est. reading time":"3 minutes"},"schema":{"@context":"https:\/\/schema.org","@graph":[{"@type":"WebPage","@id":"https:\/\/maisonshotesprovence.com\/en\/about-us\/","url":"https:\/\/maisonshotesprovence.com\/en\/about-us\/","name":"About us - Les Maisons d&#039;h\u00f4tes de Provence","isPartOf":{"@id":"https:\/\/maisonshotesprovence.com\/#website"},"primaryImageOfPage":{"@id":"https:\/\/maisonshotesprovence.com\/en\/about-us\/#primaryimage"},"image":{"@id":"https:\/\/maisonshotesprovence.com\/en\/about-us\/#primaryimage"},"thumbnailUrl":"https:\/\/maisonshotesprovence.com\/wp-content\/uploads\/2023\/09\/logos_MHP_V_L.png","datePublished":"2023-03-01T07:57:03+00:00","dateModified":"2024-01-23T05:29:11+00:00","breadcrumb":{"@id":"https:\/\/maisonshotesprovence.com\/en\/about-us\/#breadcrumb"},"inLanguage":"en-US","potentialAction":[{"@type":"ReadAction","target":["https:\/\/maisonshotesprovence.com\/en\/about-us\/"]}]},{"@type":"ImageObject","inLanguage":"en-US","@id":"https:\/\/maisonshotesprovence.com\/en\/about-us\/#primaryimage","url":"https:\/\/maisonshotesprovence.com\/wp-content\/uploads\/2023\/09\/logos_MHP_V_L.png","contentUrl":"https:\/\/maisonshotesprovence.com\/wp-content\/uploads\/2023\/09\/logos_MHP_V_L.png"},{"@type":"BreadcrumbList","@id":"https:\/\/maisonshotesprovence.com\/en\/about-us\/#breadcrumb","itemListElement":[{"@type":"ListItem","position":1,"name":"Accueil","item":"https:\/\/maisonshotesprovence.com\/en\/home\/"},{"@type":"ListItem","position":2,"name":"About us"}]},{"@type":"WebSite","@id":"https:\/\/maisonshotesprovence.com\/#website","url":"https:\/\/maisonshotesprovence.com\/","name":"Les Maisons d'h\u00f4tes de Provence","description":"","publisher":{"@id":"https:\/\/maisonshotesprovence.com\/#organization"},"potentialAction":[{"@type":"SearchAction","target":{"@type":"EntryPoint","urlTemplate":"https:\/\/maisonshotesprovence.com\/?s={search_term_string}"},"query-input":{"@type":"PropertyValueSpecification","valueRequired":true,"valueName":"search_term_string"}}],"inLanguage":"en-US"},{"@type":"Organization","@id":"https:\/\/maisonshotesprovence.com\/#organization","name":"Les Maisons d'h\u00f4tes de Provence","url":"https:\/\/maisonshotesprovence.com\/","logo":{"@type":"ImageObject","inLanguage":"en-US","@id":"https:\/\/maisonshotesprovence.com\/#\/schema\/logo\/image\/","url":"https:\/\/maisonshotesprovence.com\/wp-content\/uploads\/2023\/09\/logos_MHP_H_L.png","contentUrl":"https:\/\/maisonshotesprovence.com\/wp-content\/uploads\/2023\/09\/logos_MHP_H_L.png","width":495,"height":140,"caption":"Les Maisons d'h\u00f4tes de Provence"},"image":{"@id":"https:\/\/maisonshotesprovence.com\/#\/schema\/logo\/image\/"},"sameAs":["https:\/\/www.facebook.com\/maisonsdhotesdeprovence"]}]}},"_links":{"self":[{"href":"https:\/\/maisonshotesprovence.com\/en\/wp-json\/wp\/v2\/pages\/46715","targetHints":{"allow":["GET"]}}],"collection":[{"href":"https:\/\/maisonshotesprovence.com\/en\/wp-json\/wp\/v2\/pages"}],"about":[{"href":"https:\/\/maisonshotesprovence.com\/en\/wp-json\/wp\/v2\/types\/page"}],"author":[{"embeddable":true,"href":"https:\/\/maisonshotesprovence.com\/en\/wp-json\/wp\/v2\/users\/2"}],"replies":[{"embeddable":true,"href":"https:\/\/maisonshotesprovence.com\/en\/wp-json\/wp\/v2\/comments?post=46715"}],"version-history":[{"count":6,"href":"https:\/\/maisonshotesprovence.com\/en\/wp-json\/wp\/v2\/pages\/46715\/revisions"}],"predecessor-version":[{"id":49618,"href":"https:\/\/maisonshotesprovence.com\/en\/wp-json\/wp\/v2\/pages\/46715\/revisions\/49618"}],"wp:attachment":[{"href":"https:\/\/maisonshotesprovence.com\/en\/wp-json\/wp\/v2\/media?parent=46715"}],"wp:term":[{"taxonomy":"folder","embeddable":true,"href":"https:\/\/maisonshotesprovence.com\/en\/wp-json\/wp\/v2\/folder?post=46715"}],"curies":[{"name":"wp","href":"https:\/\/api.w.org\/{rel}","templated":true}]}}