{"id":47691,"date":"2023-11-04T11:10:28","date_gmt":"2023-11-04T10:10:28","guid":{"rendered":"https:\/\/maisonshotesprovence.com\/the-heart-of-the-var\/"},"modified":"2024-04-11T06:58:04","modified_gmt":"2024-04-11T04:58:04","slug":"the-heart-of-the-var","status":"publish","type":"page","link":"https:\/\/maisonshotesprovence.com\/en\/the-heart-of-the-var\/","title":{"rendered":"The heart of the Var"},"content":{"rendered":"\t\t<div data-elementor-type=\"wp-page\" data-elementor-id=\"47691\" class=\"elementor elementor-47691 elementor-42463\" data-elementor-post-type=\"page\">\n\t\t\t\t<div class=\"elementor-element elementor-element-0a2dd33 e-flex e-con-boxed e-con e-parent\" data-id=\"0a2dd33\" data-element_type=\"container\" data-e-type=\"container\" data-settings=\"{&quot;background_background&quot;:&quot;classic&quot;}\">\n\t\t\t\t\t<div class=\"e-con-inner\">\n\t\t\t\t<div class=\"elementor-element elementor-element-ddb9086 elementor-widget elementor-widget-menu-anchor\" data-id=\"ddb9086\" data-element_type=\"widget\" data-e-type=\"widget\" data-widget_type=\"menu-anchor.default\">\n\t\t\t\t\t\t\t<div class=\"elementor-menu-anchor\" id=\"var\"><\/div>\n\t\t\t\t\t\t<\/div>\n\t\t<div class=\"elementor-element elementor-element-714298c e-con-full e-flex e-con e-child\" data-id=\"714298c\" data-element_type=\"container\" data-e-type=\"container\" data-settings=\"{&quot;background_background&quot;:&quot;gradient&quot;}\">\n\t\t<div class=\"elementor-element elementor-element-5a15b66 animated-slow e-con-full e-flex elementor-invisible e-con e-child\" data-id=\"5a15b66\" data-element_type=\"container\" data-e-type=\"container\" data-settings=\"{&quot;background_background&quot;:&quot;slideshow&quot;,&quot;animation&quot;:&quot;fadeInLeft&quot;,&quot;background_slideshow_gallery&quot;:[],&quot;background_slideshow_loop&quot;:&quot;yes&quot;,&quot;background_slideshow_slide_duration&quot;:5000,&quot;background_slideshow_slide_transition&quot;:&quot;fade&quot;,&quot;background_slideshow_transition_duration&quot;:500}\">\n\t\t\t\t<\/div>\n\t\t\t\t<\/div>\n\t\t<div class=\"elementor-element elementor-element-43376a3 e-con-full e-flex e-con e-child\" data-id=\"43376a3\" data-element_type=\"container\" data-e-type=\"container\" data-settings=\"{&quot;background_background&quot;:&quot;classic&quot;}\">\n\t\t\t\t<div class=\"elementor-element elementor-element-967082d elementor-invisible elementor-widget elementor-widget-heading\" data-id=\"967082d\" data-element_type=\"widget\" data-e-type=\"widget\" data-settings=\"{&quot;_animation&quot;:&quot;fadeIn&quot;,&quot;_animation_delay&quot;:200}\" data-widget_type=\"heading.default\">\n\t\t\t\t\t<h1 class=\"elementor-heading-title elementor-size-default\">The heart of the Var<\/h1>\t\t\t\t<\/div>\n\t\t\t\t<div class=\"elementor-element elementor-element-776b870 elementor-widget elementor-widget-image\" data-id=\"776b870\" data-element_type=\"widget\" data-e-type=\"widget\" data-widget_type=\"image.default\">\n\t\t\t\t\t\t\t\t\t\t\t\t\t\t\t<img decoding=\"async\" width=\"544\" height=\"22\" src=\"https:\/\/maisonshotesprovence.com\/wp-content\/uploads\/2023\/09\/ligne.png\" class=\"attachment-large size-large wp-image-39264\" alt=\"\" srcset=\"https:\/\/maisonshotesprovence.com\/wp-content\/uploads\/2023\/09\/ligne.png 544w, https:\/\/maisonshotesprovence.com\/wp-content\/uploads\/2023\/09\/ligne-300x12.png 300w\" sizes=\"(max-width: 544px) 100vw, 544px\" \/>\t\t\t\t\t\t\t\t\t\t\t\t\t\t\t<\/div>\n\t\t\t\t<div class=\"elementor-element elementor-element-7195170 elementor-widget elementor-widget-heading\" data-id=\"7195170\" data-element_type=\"widget\" data-e-type=\"widget\" data-widget_type=\"heading.default\">\n\t\t\t\t\t<p class=\"elementor-heading-title elementor-size-default\">Just like the rest of the Var region, the heart of the Var will delight you not only with the beauty of its nature and villages, but also with the sporting activities on offer, the richness of its heritage and the various local delicacies! <br>\n\nHere, you can visit the 11 must-see villages typical of Provence, and discover the region's heritage and traditions, including Le Thoronet Abbey, perched chapels, oil mills, dolmens and museums. <br><br>\n\n\nFeast your taste buds on local market finds, and meet the winemakers by visiting vineyards, tasting whites, reds and ros\u00e9s, or following the wine trail. When it comes to activities, the heart of the Var is not to be outdone: walks and hikes, bike rides, canoeing, paddling, motor sports, donkey and horse encounters...<br><br><\/p>\t\t\t\t<\/div>\n\t\t\t\t<\/div>\n\t\t\t\t\t<\/div>\n\t\t\t\t<\/div>\n\t\t<div class=\"elementor-element elementor-element-8775262 e-flex e-con-boxed e-con e-parent\" data-id=\"8775262\" data-element_type=\"container\" data-e-type=\"container\">\n\t\t\t\t\t<div class=\"e-con-inner\">\n\t\t<div class=\"elementor-element elementor-element-2513266 e-con-full e-flex e-con e-child\" data-id=\"2513266\" data-element_type=\"container\" data-e-type=\"container\" data-settings=\"{&quot;background_background&quot;:&quot;classic&quot;}\">\n\t\t\t\t<div class=\"elementor-element elementor-element-9ce77e1 elementor-widget elementor-widget-image\" data-id=\"9ce77e1\" data-element_type=\"widget\" data-e-type=\"widget\" data-widget_type=\"image.default\">\n\t\t\t\t\t\t\t\t\t\t\t\t\t\t\t\t<a href=\"https:\/\/www.maisonshotesprovence.com\/directory-maisons_d_ho\/les-maisons\/la-grande-lauzade\/\">\n\t\t\t\t\t\t\t<img fetchpriority=\"high\" decoding=\"async\" width=\"1920\" height=\"1200\" src=\"https:\/\/maisonshotesprovence.com\/wp-content\/uploads\/2023\/07\/Lauzade-7.jpg\" class=\"attachment-full size-full wp-image-37534\" alt=\"Piscine ext\u00e9rieure chauf\u00e9e La Grande Lauzade chambres d&#039;h\u00f4tes de qualit\u00e9 Le LUC Var Provence\" srcset=\"https:\/\/maisonshotesprovence.com\/wp-content\/uploads\/2023\/07\/Lauzade-7.jpg 1920w, https:\/\/maisonshotesprovence.com\/wp-content\/uploads\/2023\/07\/Lauzade-7-300x188.jpg 300w, https:\/\/maisonshotesprovence.com\/wp-content\/uploads\/2023\/07\/Lauzade-7-1024x640.jpg 1024w, https:\/\/maisonshotesprovence.com\/wp-content\/uploads\/2023\/07\/Lauzade-7-768x480.jpg 768w, https:\/\/maisonshotesprovence.com\/wp-content\/uploads\/2023\/07\/Lauzade-7-1536x960.jpg 1536w\" sizes=\"(max-width: 1920px) 100vw, 1920px\" \/>\t\t\t\t\t\t\t\t<\/a>\n\t\t\t\t\t\t\t\t\t\t\t\t\t\t\t<\/div>\n\t\t<div class=\"elementor-element elementor-element-acc609c e-flex e-con-boxed e-con e-child\" data-id=\"acc609c\" data-element_type=\"container\" data-e-type=\"container\">\n\t\t\t\t\t<div class=\"e-con-inner\">\n\t\t\t\t<div class=\"elementor-element elementor-element-18da7bb elementor-widget elementor-widget-heading\" data-id=\"18da7bb\" data-element_type=\"widget\" data-e-type=\"widget\" data-widget_type=\"heading.default\">\n\t\t\t\t\t<h2 class=\"elementor-heading-title elementor-size-default\"><a href=\"https:\/\/www.maisonshotesprovence.com\/directory-maisons_d_ho\/les-maisons\/la-grande-lauzade\/\">La grande Lauzade<\/a><\/h2>\t\t\t\t<\/div>\n\t\t\t\t\t<\/div>\n\t\t\t\t<\/div>\n\t\t<div class=\"elementor-element elementor-element-90ac195 e-flex e-con-boxed e-con e-child\" data-id=\"90ac195\" data-element_type=\"container\" data-e-type=\"container\">\n\t\t\t\t\t<div class=\"e-con-inner\">\n\t\t<div class=\"elementor-element elementor-element-a37693d e-con-full e-flex e-con e-child\" data-id=\"a37693d\" data-element_type=\"container\" data-e-type=\"container\">\n\t\t\t\t<div class=\"elementor-element elementor-element-e948c53 elementor-widget elementor-widget-text-editor\" data-id=\"e948c53\" data-element_type=\"widget\" data-e-type=\"widget\" data-widget_type=\"text-editor.default\">\n\t\t\t\t\t\t\t\t\t<p>A charming 18th-century bastide, La Grande Lauzade offers four guest rooms, including a suite, a round-bedded room, and an unusual &#8220;Bus d&#8217;h\u00f4tes&#8221;, a 1985 American SchoolBus transformed into unusual accommodation, for you to discover.<\/p><\/p>\n\t\t\t\t\t\t\t\t<\/div>\n\t\t\t\t<\/div>\n\t\t<div class=\"elementor-element elementor-element-589b6d7 e-flex e-con-boxed e-con e-child\" data-id=\"589b6d7\" data-element_type=\"container\" data-e-type=\"container\">\n\t\t\t\t\t<div class=\"e-con-inner\">\n\t\t\t\t<div class=\"elementor-element elementor-element-d400706 elementor-widget elementor-widget-text-editor\" data-id=\"d400706\" data-element_type=\"widget\" data-e-type=\"widget\" data-widget_type=\"text-editor.default\">\n\t\t\t\t\t\t\t\t\t<p>From \u20ac145 per night<\/p>\n\t\t\t\t\t\t\t\t<\/div>\n\t\t\t\t\t<\/div>\n\t\t\t\t<\/div>\n\t\t\t\t\t<\/div>\n\t\t\t\t<\/div>\n\t\t\t\t<\/div>\n\t\t<div class=\"elementor-element elementor-element-3847185 e-con-full e-flex e-con e-child\" data-id=\"3847185\" data-element_type=\"container\" data-e-type=\"container\" data-settings=\"{&quot;background_background&quot;:&quot;classic&quot;}\">\n\t\t\t\t<div class=\"elementor-element elementor-element-c1a3e3f elementor-widget elementor-widget-image\" data-id=\"c1a3e3f\" data-element_type=\"widget\" data-e-type=\"widget\" data-widget_type=\"image.default\">\n\t\t\t\t\t\t\t\t\t\t\t\t\t\t\t\t<a href=\"https:\/\/www.maisonshotesprovence.com\/directory-maisons_d_ho\/les-maisons\/la-maison-de-nathalie\/\">\n\t\t\t\t\t\t\t<img decoding=\"async\" width=\"1920\" height=\"1440\" src=\"https:\/\/maisonshotesprovence.com\/wp-content\/uploads\/2023\/07\/LaMaisonDeNathalie_3.jpg\" class=\"attachment-full size-full wp-image-37522\" alt=\"Vue de la piscine et jardin La Maison De Nathalie chambres d&#039;h\u00f4tes de qualit\u00e9 LES MAYONS Var Provence\" srcset=\"https:\/\/maisonshotesprovence.com\/wp-content\/uploads\/2023\/07\/LaMaisonDeNathalie_3.jpg 1920w, https:\/\/maisonshotesprovence.com\/wp-content\/uploads\/2023\/07\/LaMaisonDeNathalie_3-300x225.jpg 300w, https:\/\/maisonshotesprovence.com\/wp-content\/uploads\/2023\/07\/LaMaisonDeNathalie_3-1024x768.jpg 1024w, https:\/\/maisonshotesprovence.com\/wp-content\/uploads\/2023\/07\/LaMaisonDeNathalie_3-768x576.jpg 768w, https:\/\/maisonshotesprovence.com\/wp-content\/uploads\/2023\/07\/LaMaisonDeNathalie_3-1536x1152.jpg 1536w\" sizes=\"(max-width: 1920px) 100vw, 1920px\" \/>\t\t\t\t\t\t\t\t<\/a>\n\t\t\t\t\t\t\t\t\t\t\t\t\t\t\t<\/div>\n\t\t<div class=\"elementor-element elementor-element-ddb79f7 e-flex e-con-boxed e-con e-child\" data-id=\"ddb79f7\" data-element_type=\"container\" data-e-type=\"container\">\n\t\t\t\t\t<div class=\"e-con-inner\">\n\t\t\t\t<div class=\"elementor-element elementor-element-17af19e elementor-widget elementor-widget-heading\" data-id=\"17af19e\" data-element_type=\"widget\" data-e-type=\"widget\" data-widget_type=\"heading.default\">\n\t\t\t\t\t<h2 class=\"elementor-heading-title elementor-size-default\"><a href=\"https:\/\/www.maisonshotesprovence.com\/directory-maisons_d_ho\/les-maisons\/la-maison-de-nathalie\/\">Nathalie's house<\/a><\/h2>\t\t\t\t<\/div>\n\t\t\t\t\t<\/div>\n\t\t\t\t<\/div>\n\t\t<div class=\"elementor-element elementor-element-7ecaaba e-flex e-con-boxed e-con e-child\" data-id=\"7ecaaba\" data-element_type=\"container\" data-e-type=\"container\">\n\t\t\t\t\t<div class=\"e-con-inner\">\n\t\t<div class=\"elementor-element elementor-element-767bb29 e-con-full e-flex e-con e-child\" data-id=\"767bb29\" data-element_type=\"container\" data-e-type=\"container\">\n\t\t\t\t<div class=\"elementor-element elementor-element-2545807 elementor-widget elementor-widget-text-editor\" data-id=\"2545807\" data-element_type=\"widget\" data-e-type=\"widget\" data-widget_type=\"text-editor.default\">\n\t\t\t\t\t\t\t\t\t<p>A marriage between nature and B&amp;B. Savor a table d&#8217;h\u00f4tes prepared with vegetables and fruit from the organic garden, on the large terrace with panoramic views over the Plaine des Maures.<\/p>\n<\/p><\/p>\n\t\t\t\t\t\t\t\t<\/div>\n\t\t\t\t<\/div>\n\t\t<div class=\"elementor-element elementor-element-0288ec2 e-flex e-con-boxed e-con e-child\" data-id=\"0288ec2\" data-element_type=\"container\" data-e-type=\"container\">\n\t\t\t\t\t<div class=\"e-con-inner\">\n\t\t\t\t<div class=\"elementor-element elementor-element-97fe5ce elementor-widget elementor-widget-text-editor\" data-id=\"97fe5ce\" data-element_type=\"widget\" data-e-type=\"widget\" data-widget_type=\"text-editor.default\">\n\t\t\t\t\t\t\t\t\t<p>From \u20ac90 per night<\/p>\n\t\t\t\t\t\t\t\t<\/div>\n\t\t\t\t\t<\/div>\n\t\t\t\t<\/div>\n\t\t\t\t\t<\/div>\n\t\t\t\t<\/div>\n\t\t\t\t<\/div>\n\t\t<div class=\"elementor-element elementor-element-a5e07ff e-con-full e-flex e-con e-child\" data-id=\"a5e07ff\" data-element_type=\"container\" data-e-type=\"container\" data-settings=\"{&quot;background_background&quot;:&quot;classic&quot;}\">\n\t\t\t\t<div class=\"elementor-element elementor-element-e060d82 elementor-widget elementor-widget-image\" data-id=\"e060d82\" data-element_type=\"widget\" data-e-type=\"widget\" data-widget_type=\"image.default\">\n\t\t\t\t\t\t\t\t\t\t\t\t\t\t\t\t<a href=\"https:\/\/www.maisonshotesprovence.com\/directory-maisons_d_ho\/les-maisons\/le-mas-de-san-lou\/\">\n\t\t\t\t\t\t\t<img loading=\"lazy\" decoding=\"async\" width=\"2560\" height=\"1225\" src=\"https:\/\/maisonshotesprovence.com\/wp-content\/uploads\/2024\/01\/piscine-1-2-scaled.webp\" class=\"attachment-full size-full wp-image-48713\" alt=\"\" srcset=\"https:\/\/maisonshotesprovence.com\/wp-content\/uploads\/2024\/01\/piscine-1-2-scaled.webp 2560w, https:\/\/maisonshotesprovence.com\/wp-content\/uploads\/2024\/01\/piscine-1-2-300x144.webp 300w, https:\/\/maisonshotesprovence.com\/wp-content\/uploads\/2024\/01\/piscine-1-2-1024x490.webp 1024w, https:\/\/maisonshotesprovence.com\/wp-content\/uploads\/2024\/01\/piscine-1-2-768x367.webp 768w, https:\/\/maisonshotesprovence.com\/wp-content\/uploads\/2024\/01\/piscine-1-2-1536x735.webp 1536w, https:\/\/maisonshotesprovence.com\/wp-content\/uploads\/2024\/01\/piscine-1-2-2048x980.webp 2048w, https:\/\/maisonshotesprovence.com\/wp-content\/uploads\/2024\/01\/piscine-1-2-240x115.webp 240w\" sizes=\"(max-width: 2560px) 100vw, 2560px\" \/>\t\t\t\t\t\t\t\t<\/a>\n\t\t\t\t\t\t\t\t\t\t\t\t\t\t\t<\/div>\n\t\t<div class=\"elementor-element elementor-element-407d149 e-flex e-con-boxed e-con e-child\" data-id=\"407d149\" data-element_type=\"container\" data-e-type=\"container\">\n\t\t\t\t\t<div class=\"e-con-inner\">\n\t\t\t\t<div class=\"elementor-element elementor-element-c660e8a elementor-widget elementor-widget-heading\" data-id=\"c660e8a\" data-element_type=\"widget\" data-e-type=\"widget\" data-widget_type=\"heading.default\">\n\t\t\t\t\t<h2 class=\"elementor-heading-title elementor-size-default\"><a href=\"https:\/\/www.maisonshotesprovence.com\/directory-maisons_d_ho\/les-maisons\/le-mas-de-san-lou\/\">Le Mas San Lou<\/a><\/h2>\t\t\t\t<\/div>\n\t\t\t\t\t<\/div>\n\t\t\t\t<\/div>\n\t\t<div class=\"elementor-element elementor-element-b92c8f4 e-flex e-con-boxed e-con e-child\" data-id=\"b92c8f4\" data-element_type=\"container\" data-e-type=\"container\">\n\t\t\t\t\t<div class=\"e-con-inner\">\n\t\t<div class=\"elementor-element elementor-element-4c8b79b e-con-full e-flex e-con e-child\" data-id=\"4c8b79b\" data-element_type=\"container\" data-e-type=\"container\">\n\t\t\t\t<div class=\"elementor-element elementor-element-7653f2f elementor-widget elementor-widget-text-editor\" data-id=\"7653f2f\" data-element_type=\"widget\" data-e-type=\"widget\" data-widget_type=\"text-editor.default\">\n\t\t\t\t\t\t\t\t\t<p>Balinese-inspired Provencal farmhouse, hidden away in an estate of pine and olive trees. Bordered by the Var vineyards, 10\u00d75m pool with breathtaking views.<\/p>\n<\/p><\/p>\n\t\t\t\t\t\t\t\t<\/div>\n\t\t\t\t<\/div>\n\t\t<div class=\"elementor-element elementor-element-0ee31eb e-flex e-con-boxed e-con e-child\" data-id=\"0ee31eb\" data-element_type=\"container\" data-e-type=\"container\">\n\t\t\t\t\t<div class=\"e-con-inner\">\n\t\t\t\t<div class=\"elementor-element elementor-element-20639fd elementor-widget elementor-widget-text-editor\" data-id=\"20639fd\" data-element_type=\"widget\" data-e-type=\"widget\" data-widget_type=\"text-editor.default\">\n\t\t\t\t\t\t\t\t\t<p>From \u20ac90 per night<\/p>\n\t\t\t\t\t\t\t\t<\/div>\n\t\t\t\t\t<\/div>\n\t\t\t\t<\/div>\n\t\t\t\t\t<\/div>\n\t\t\t\t<\/div>\n\t\t\t\t<\/div>\n\t\t\t\t\t<\/div>\n\t\t\t\t<\/div>\n\t\t<div class=\"elementor-element elementor-element-6744e50 e-flex e-con-boxed e-con e-parent\" data-id=\"6744e50\" data-element_type=\"container\" data-e-type=\"container\">\n\t\t\t\t\t<div class=\"e-con-inner\">\n\t\t\t\t\t<\/div>\n\t\t\t\t<\/div>\n\t\t\t\t<\/div>\n\t\t","protected":false},"excerpt":{"rendered":"<p>The heart of the Var Just like the rest of the Var region, the heart of the Var will delight you not only with the beauty of its nature and villages, but also with the sporting activities on offer, the richness of its heritage and the various local delicacies! Here, you can visit the 11 [&hellip;]<\/p>\n","protected":false},"author":19,"featured_media":0,"parent":0,"menu_order":0,"comment_status":"closed","ping_status":"closed","template":"elementor_header_footer","meta":{"_monsterinsights_skip_tracking":false,"_monsterinsights_sitenote_active":false,"_monsterinsights_sitenote_note":"","_monsterinsights_sitenote_category":0,"footnotes":""},"folder":[],"class_list":["post-47691","page","type-page","status-publish","hentry"],"yoast_head":"<!-- This site is optimized with the Yoast SEO plugin v26.8 - https:\/\/yoast.com\/product\/yoast-seo-wordpress\/ -->\n<title>The heart of the Var - Les Maisons d&#039;h\u00f4tes de Provence<\/title>\n<meta name=\"robots\" content=\"index, follow, max-snippet:-1, max-image-preview:large, max-video-preview:-1\" \/>\n<link rel=\"canonical\" href=\"https:\/\/maisonshotesprovence.com\/en\/the-heart-of-the-var\/\" \/>\n<meta property=\"og:locale\" content=\"en_US\" \/>\n<meta property=\"og:type\" content=\"article\" \/>\n<meta property=\"og:title\" content=\"The heart of the Var - Les Maisons d&#039;h\u00f4tes de Provence\" \/>\n<meta property=\"og:description\" content=\"The heart of the Var Just like the rest of the Var region, the heart of the Var will delight you not only with the beauty of its nature and villages, but also with the sporting activities on offer, the richness of its heritage and the various local delicacies! Here, you can visit the 11 [&hellip;]\" \/>\n<meta property=\"og:url\" content=\"https:\/\/maisonshotesprovence.com\/en\/the-heart-of-the-var\/\" \/>\n<meta property=\"og:site_name\" content=\"Les Maisons d&#039;h\u00f4tes de Provence\" \/>\n<meta property=\"article:publisher\" content=\"https:\/\/www.facebook.com\/maisonsdhotesdeprovence\" \/>\n<meta property=\"article:modified_time\" content=\"2024-04-11T04:58:04+00:00\" \/>\n<meta property=\"og:image\" content=\"https:\/\/maisonshotesprovence.com\/wp-content\/uploads\/2023\/09\/ligne.png\" \/>\n<meta name=\"twitter:card\" content=\"summary_large_image\" \/>\n<meta name=\"twitter:label1\" content=\"Est. reading time\" \/>\n\t<meta name=\"twitter:data1\" content=\"1 minute\" \/>\n<script type=\"application\/ld+json\" class=\"yoast-schema-graph\">{\"@context\":\"https:\/\/schema.org\",\"@graph\":[{\"@type\":\"WebPage\",\"@id\":\"https:\/\/maisonshotesprovence.com\/en\/the-heart-of-the-var\/\",\"url\":\"https:\/\/maisonshotesprovence.com\/en\/the-heart-of-the-var\/\",\"name\":\"The heart of the Var - Les Maisons d&#039;h\u00f4tes de Provence\",\"isPartOf\":{\"@id\":\"https:\/\/maisonshotesprovence.com\/#website\"},\"primaryImageOfPage\":{\"@id\":\"https:\/\/maisonshotesprovence.com\/en\/the-heart-of-the-var\/#primaryimage\"},\"image\":{\"@id\":\"https:\/\/maisonshotesprovence.com\/en\/the-heart-of-the-var\/#primaryimage\"},\"thumbnailUrl\":\"https:\/\/maisonshotesprovence.com\/wp-content\/uploads\/2023\/09\/ligne.png\",\"datePublished\":\"2023-11-04T10:10:28+00:00\",\"dateModified\":\"2024-04-11T04:58:04+00:00\",\"breadcrumb\":{\"@id\":\"https:\/\/maisonshotesprovence.com\/en\/the-heart-of-the-var\/#breadcrumb\"},\"inLanguage\":\"en-US\",\"potentialAction\":[{\"@type\":\"ReadAction\",\"target\":[\"https:\/\/maisonshotesprovence.com\/en\/the-heart-of-the-var\/\"]}]},{\"@type\":\"ImageObject\",\"inLanguage\":\"en-US\",\"@id\":\"https:\/\/maisonshotesprovence.com\/en\/the-heart-of-the-var\/#primaryimage\",\"url\":\"https:\/\/maisonshotesprovence.com\/wp-content\/uploads\/2023\/09\/ligne.png\",\"contentUrl\":\"https:\/\/maisonshotesprovence.com\/wp-content\/uploads\/2023\/09\/ligne.png\"},{\"@type\":\"BreadcrumbList\",\"@id\":\"https:\/\/maisonshotesprovence.com\/en\/the-heart-of-the-var\/#breadcrumb\",\"itemListElement\":[{\"@type\":\"ListItem\",\"position\":1,\"name\":\"Accueil\",\"item\":\"https:\/\/maisonshotesprovence.com\/en\/home\/\"},{\"@type\":\"ListItem\",\"position\":2,\"name\":\"The heart of the Var\"}]},{\"@type\":\"WebSite\",\"@id\":\"https:\/\/maisonshotesprovence.com\/#website\",\"url\":\"https:\/\/maisonshotesprovence.com\/\",\"name\":\"Les Maisons d'h\u00f4tes de Provence\",\"description\":\"\",\"publisher\":{\"@id\":\"https:\/\/maisonshotesprovence.com\/#organization\"},\"potentialAction\":[{\"@type\":\"SearchAction\",\"target\":{\"@type\":\"EntryPoint\",\"urlTemplate\":\"https:\/\/maisonshotesprovence.com\/?s={search_term_string}\"},\"query-input\":{\"@type\":\"PropertyValueSpecification\",\"valueRequired\":true,\"valueName\":\"search_term_string\"}}],\"inLanguage\":\"en-US\"},{\"@type\":\"Organization\",\"@id\":\"https:\/\/maisonshotesprovence.com\/#organization\",\"name\":\"Les Maisons d'h\u00f4tes de Provence\",\"url\":\"https:\/\/maisonshotesprovence.com\/\",\"logo\":{\"@type\":\"ImageObject\",\"inLanguage\":\"en-US\",\"@id\":\"https:\/\/maisonshotesprovence.com\/#\/schema\/logo\/image\/\",\"url\":\"https:\/\/maisonshotesprovence.com\/wp-content\/uploads\/2023\/09\/logos_MHP_H_L.png\",\"contentUrl\":\"https:\/\/maisonshotesprovence.com\/wp-content\/uploads\/2023\/09\/logos_MHP_H_L.png\",\"width\":495,\"height\":140,\"caption\":\"Les Maisons d'h\u00f4tes de Provence\"},\"image\":{\"@id\":\"https:\/\/maisonshotesprovence.com\/#\/schema\/logo\/image\/\"},\"sameAs\":[\"https:\/\/www.facebook.com\/maisonsdhotesdeprovence\"]}]}<\/script>\n<!-- \/ Yoast SEO plugin. -->","yoast_head_json":{"title":"The heart of the Var - Les Maisons d&#039;h\u00f4tes de Provence","robots":{"index":"index","follow":"follow","max-snippet":"max-snippet:-1","max-image-preview":"max-image-preview:large","max-video-preview":"max-video-preview:-1"},"canonical":"https:\/\/maisonshotesprovence.com\/en\/the-heart-of-the-var\/","og_locale":"en_US","og_type":"article","og_title":"The heart of the Var - Les Maisons d&#039;h\u00f4tes de Provence","og_description":"The heart of the Var Just like the rest of the Var region, the heart of the Var will delight you not only with the beauty of its nature and villages, but also with the sporting activities on offer, the richness of its heritage and the various local delicacies! Here, you can visit the 11 [&hellip;]","og_url":"https:\/\/maisonshotesprovence.com\/en\/the-heart-of-the-var\/","og_site_name":"Les Maisons d&#039;h\u00f4tes de Provence","article_publisher":"https:\/\/www.facebook.com\/maisonsdhotesdeprovence","article_modified_time":"2024-04-11T04:58:04+00:00","og_image":[{"url":"https:\/\/maisonshotesprovence.com\/wp-content\/uploads\/2023\/09\/ligne.png","type":"","width":"","height":""}],"twitter_card":"summary_large_image","twitter_misc":{"Est. reading time":"1 minute"},"schema":{"@context":"https:\/\/schema.org","@graph":[{"@type":"WebPage","@id":"https:\/\/maisonshotesprovence.com\/en\/the-heart-of-the-var\/","url":"https:\/\/maisonshotesprovence.com\/en\/the-heart-of-the-var\/","name":"The heart of the Var - Les Maisons d&#039;h\u00f4tes de Provence","isPartOf":{"@id":"https:\/\/maisonshotesprovence.com\/#website"},"primaryImageOfPage":{"@id":"https:\/\/maisonshotesprovence.com\/en\/the-heart-of-the-var\/#primaryimage"},"image":{"@id":"https:\/\/maisonshotesprovence.com\/en\/the-heart-of-the-var\/#primaryimage"},"thumbnailUrl":"https:\/\/maisonshotesprovence.com\/wp-content\/uploads\/2023\/09\/ligne.png","datePublished":"2023-11-04T10:10:28+00:00","dateModified":"2024-04-11T04:58:04+00:00","breadcrumb":{"@id":"https:\/\/maisonshotesprovence.com\/en\/the-heart-of-the-var\/#breadcrumb"},"inLanguage":"en-US","potentialAction":[{"@type":"ReadAction","target":["https:\/\/maisonshotesprovence.com\/en\/the-heart-of-the-var\/"]}]},{"@type":"ImageObject","inLanguage":"en-US","@id":"https:\/\/maisonshotesprovence.com\/en\/the-heart-of-the-var\/#primaryimage","url":"https:\/\/maisonshotesprovence.com\/wp-content\/uploads\/2023\/09\/ligne.png","contentUrl":"https:\/\/maisonshotesprovence.com\/wp-content\/uploads\/2023\/09\/ligne.png"},{"@type":"BreadcrumbList","@id":"https:\/\/maisonshotesprovence.com\/en\/the-heart-of-the-var\/#breadcrumb","itemListElement":[{"@type":"ListItem","position":1,"name":"Accueil","item":"https:\/\/maisonshotesprovence.com\/en\/home\/"},{"@type":"ListItem","position":2,"name":"The heart of the Var"}]},{"@type":"WebSite","@id":"https:\/\/maisonshotesprovence.com\/#website","url":"https:\/\/maisonshotesprovence.com\/","name":"Les Maisons d'h\u00f4tes de Provence","description":"","publisher":{"@id":"https:\/\/maisonshotesprovence.com\/#organization"},"potentialAction":[{"@type":"SearchAction","target":{"@type":"EntryPoint","urlTemplate":"https:\/\/maisonshotesprovence.com\/?s={search_term_string}"},"query-input":{"@type":"PropertyValueSpecification","valueRequired":true,"valueName":"search_term_string"}}],"inLanguage":"en-US"},{"@type":"Organization","@id":"https:\/\/maisonshotesprovence.com\/#organization","name":"Les Maisons d'h\u00f4tes de Provence","url":"https:\/\/maisonshotesprovence.com\/","logo":{"@type":"ImageObject","inLanguage":"en-US","@id":"https:\/\/maisonshotesprovence.com\/#\/schema\/logo\/image\/","url":"https:\/\/maisonshotesprovence.com\/wp-content\/uploads\/2023\/09\/logos_MHP_H_L.png","contentUrl":"https:\/\/maisonshotesprovence.com\/wp-content\/uploads\/2023\/09\/logos_MHP_H_L.png","width":495,"height":140,"caption":"Les Maisons d'h\u00f4tes de Provence"},"image":{"@id":"https:\/\/maisonshotesprovence.com\/#\/schema\/logo\/image\/"},"sameAs":["https:\/\/www.facebook.com\/maisonsdhotesdeprovence"]}]}},"_links":{"self":[{"href":"https:\/\/maisonshotesprovence.com\/en\/wp-json\/wp\/v2\/pages\/47691","targetHints":{"allow":["GET"]}}],"collection":[{"href":"https:\/\/maisonshotesprovence.com\/en\/wp-json\/wp\/v2\/pages"}],"about":[{"href":"https:\/\/maisonshotesprovence.com\/en\/wp-json\/wp\/v2\/types\/page"}],"author":[{"embeddable":true,"href":"https:\/\/maisonshotesprovence.com\/en\/wp-json\/wp\/v2\/users\/19"}],"replies":[{"embeddable":true,"href":"https:\/\/maisonshotesprovence.com\/en\/wp-json\/wp\/v2\/comments?post=47691"}],"version-history":[{"count":12,"href":"https:\/\/maisonshotesprovence.com\/en\/wp-json\/wp\/v2\/pages\/47691\/revisions"}],"predecessor-version":[{"id":52446,"href":"https:\/\/maisonshotesprovence.com\/en\/wp-json\/wp\/v2\/pages\/47691\/revisions\/52446"}],"wp:attachment":[{"href":"https:\/\/maisonshotesprovence.com\/en\/wp-json\/wp\/v2\/media?parent=47691"}],"wp:term":[{"taxonomy":"folder","embeddable":true,"href":"https:\/\/maisonshotesprovence.com\/en\/wp-json\/wp\/v2\/folder?post=47691"}],"curies":[{"name":"wp","href":"https:\/\/api.w.org\/{rel}","templated":true}]}}