{"id":47715,"date":"2023-11-04T11:09:42","date_gmt":"2023-11-04T10:09:42","guid":{"rendered":"https:\/\/maisonshotesprovence.com\/the-cote-dazur-varoise\/"},"modified":"2024-04-11T06:54:44","modified_gmt":"2024-04-11T04:54:44","slug":"the-cote-dazur-varoise","status":"publish","type":"page","link":"https:\/\/maisonshotesprovence.com\/en\/the-cote-dazur-varoise\/","title":{"rendered":"The C\u00f4te d&#8217;Azur Varoise"},"content":{"rendered":"\t\t<div data-elementor-type=\"wp-page\" data-elementor-id=\"47715\" class=\"elementor elementor-47715 elementor-42458\" data-elementor-post-type=\"page\">\n\t\t\t\t<div class=\"elementor-element elementor-element-1526f5e e-flex e-con-boxed e-con e-parent\" data-id=\"1526f5e\" data-element_type=\"container\" data-e-type=\"container\" data-settings=\"{&quot;background_background&quot;:&quot;classic&quot;}\">\n\t\t\t\t\t<div class=\"e-con-inner\">\n\t\t\t\t<div class=\"elementor-element elementor-element-99721cb elementor-widget elementor-widget-menu-anchor\" data-id=\"99721cb\" data-element_type=\"widget\" data-e-type=\"widget\" data-widget_type=\"menu-anchor.default\">\n\t\t\t\t\t\t\t<div class=\"elementor-menu-anchor\" id=\"cote-varoise\"><\/div>\n\t\t\t\t\t\t<\/div>\n\t\t<div class=\"elementor-element elementor-element-9eeccd6 e-con-full e-flex e-con e-child\" data-id=\"9eeccd6\" data-element_type=\"container\" data-e-type=\"container\" data-settings=\"{&quot;background_background&quot;:&quot;gradient&quot;}\">\n\t\t<div class=\"elementor-element elementor-element-6cceb27 animated-slow e-con-full e-flex elementor-invisible e-con e-child\" data-id=\"6cceb27\" data-element_type=\"container\" data-e-type=\"container\" data-settings=\"{&quot;background_background&quot;:&quot;classic&quot;,&quot;animation&quot;:&quot;fadeInLeft&quot;}\">\n\t\t<div class=\"elementor-element elementor-element-f9ee9d6 e-con-full e-flex e-con e-child\" data-id=\"f9ee9d6\" data-element_type=\"container\" data-e-type=\"container\">\n\t\t\t\t<\/div>\n\t\t\t\t<\/div>\n\t\t\t\t<\/div>\n\t\t<div class=\"elementor-element elementor-element-58aa98d e-con-full e-flex e-con e-child\" data-id=\"58aa98d\" data-element_type=\"container\" data-e-type=\"container\" data-settings=\"{&quot;background_background&quot;:&quot;classic&quot;}\">\n\t\t\t\t<div class=\"elementor-element elementor-element-157c007 elementor-invisible elementor-widget elementor-widget-heading\" data-id=\"157c007\" data-element_type=\"widget\" data-e-type=\"widget\" data-settings=\"{&quot;_animation&quot;:&quot;fadeIn&quot;,&quot;_animation_delay&quot;:200}\" data-widget_type=\"heading.default\">\n\t\t\t\t\t<h2 class=\"elementor-heading-title elementor-size-default\">The C\u00f4te d'Azur Varoise<\/h2>\t\t\t\t<\/div>\n\t\t\t\t<div class=\"elementor-element elementor-element-2bd8c72 elementor-widget elementor-widget-image\" data-id=\"2bd8c72\" data-element_type=\"widget\" data-e-type=\"widget\" data-widget_type=\"image.default\">\n\t\t\t\t\t\t\t\t\t\t\t\t\t\t\t<img decoding=\"async\" width=\"544\" height=\"22\" src=\"https:\/\/maisonshotesprovence.com\/wp-content\/uploads\/2023\/09\/ligne.png\" class=\"attachment-large size-large wp-image-39264\" alt=\"\" srcset=\"https:\/\/maisonshotesprovence.com\/wp-content\/uploads\/2023\/09\/ligne.png 544w, https:\/\/maisonshotesprovence.com\/wp-content\/uploads\/2023\/09\/ligne-300x12.png 300w\" sizes=\"(max-width: 544px) 100vw, 544px\" \/>\t\t\t\t\t\t\t\t\t\t\t\t\t\t\t<\/div>\n\t\t\t\t<div class=\"elementor-element elementor-element-56db695 elementor-widget elementor-widget-heading\" data-id=\"56db695\" data-element_type=\"widget\" data-e-type=\"widget\" data-widget_type=\"heading.default\">\n\t\t\t\t\t<p class=\"elementor-heading-title elementor-size-default\">The C\u00f4te d'Azur Varoise is the meeting point between the Mediterranean Sea, its fine sandy beaches, wild creeks and coastal paths, and the hinterland where you can discover picturesque medieval villages, ancient chapels, cork oak forests and many other typical Provence treasures. <br>\n\"Provence with its feet in the water\": enjoy wineries, pretty ports, villages and their cultural heritage, and much more... <br>\nWhy not take advantage of being on the water to visit the magnificent islands of Porquerolles and Port-Cros? The turquoise waters, the beaches, the diversity of vegetation, the rugged coastline and unspoilt nature: a visit that will leave you with unforgettable memories!<br>\n<\/p>\t\t\t\t<\/div>\n\t\t\t\t<\/div>\n\t\t\t\t\t<\/div>\n\t\t\t\t<\/div>\n\t\t<div class=\"elementor-element elementor-element-141e034 e-flex e-con-boxed e-con e-parent\" data-id=\"141e034\" data-element_type=\"container\" data-e-type=\"container\">\n\t\t\t\t\t<div class=\"e-con-inner\">\n\t\t<div class=\"elementor-element elementor-element-2984cbb e-con-full e-flex e-con e-child\" data-id=\"2984cbb\" data-element_type=\"container\" data-e-type=\"container\" data-settings=\"{&quot;background_background&quot;:&quot;classic&quot;}\">\n\t\t\t\t<div class=\"elementor-element elementor-element-ebbf989 elementor-widget elementor-widget-image\" data-id=\"ebbf989\" data-element_type=\"widget\" data-e-type=\"widget\" data-widget_type=\"image.default\">\n\t\t\t\t\t\t\t\t\t\t\t\t\t\t\t\t<a href=\"https:\/\/www.maisonshotesprovence.com\/directory-maisons_d_ho\/les-maisons\/la-villa-thalassa\/\">\n\t\t\t\t\t\t\t<img fetchpriority=\"high\" decoding=\"async\" width=\"1280\" height=\"848\" src=\"https:\/\/maisonshotesprovence.com\/wp-content\/uploads\/2023\/07\/VILLA-THALASSA-1.jpeg\" class=\"attachment-full size-full wp-image-37548\" alt=\"Vue Piscine et mer Villa Thalassa Art chambres d&#039;h\u00f4tes de qualit\u00e9 Le Lavandou Var Provence\" srcset=\"https:\/\/maisonshotesprovence.com\/wp-content\/uploads\/2023\/07\/VILLA-THALASSA-1.jpeg 1280w, https:\/\/maisonshotesprovence.com\/wp-content\/uploads\/2023\/07\/VILLA-THALASSA-1-300x199.jpeg 300w, https:\/\/maisonshotesprovence.com\/wp-content\/uploads\/2023\/07\/VILLA-THALASSA-1-1024x678.jpeg 1024w, https:\/\/maisonshotesprovence.com\/wp-content\/uploads\/2023\/07\/VILLA-THALASSA-1-768x509.jpeg 768w, https:\/\/maisonshotesprovence.com\/wp-content\/uploads\/2023\/07\/VILLA-THALASSA-1-240x160.jpeg 240w\" sizes=\"(max-width: 1280px) 100vw, 1280px\" \/>\t\t\t\t\t\t\t\t<\/a>\n\t\t\t\t\t\t\t\t\t\t\t\t\t\t\t<\/div>\n\t\t<div class=\"elementor-element elementor-element-dfcce53 e-flex e-con-boxed e-con e-child\" data-id=\"dfcce53\" data-element_type=\"container\" data-e-type=\"container\">\n\t\t\t\t\t<div class=\"e-con-inner\">\n\t\t\t\t<div class=\"elementor-element elementor-element-2537537 elementor-widget elementor-widget-heading\" data-id=\"2537537\" data-element_type=\"widget\" data-e-type=\"widget\" data-widget_type=\"heading.default\">\n\t\t\t\t\t<h2 class=\"elementor-heading-title elementor-size-default\"><a href=\"https:\/\/www.maisonshotesprovence.com\/directory-maisons_d_ho\/les-maisons\/la-villa-thalassa\/\">Villa Thalassa<\/a><\/h2>\t\t\t\t<\/div>\n\t\t\t\t\t<\/div>\n\t\t\t\t<\/div>\n\t\t<div class=\"elementor-element elementor-element-da9cddb e-flex e-con-boxed e-con e-child\" data-id=\"da9cddb\" data-element_type=\"container\" data-e-type=\"container\">\n\t\t\t\t\t<div class=\"e-con-inner\">\n\t\t<div class=\"elementor-element elementor-element-7e1d9c1 e-con-full e-flex e-con e-child\" data-id=\"7e1d9c1\" data-element_type=\"container\" data-e-type=\"container\">\n\t\t\t\t<div class=\"elementor-element elementor-element-c0431f7 elementor-widget elementor-widget-text-editor\" data-id=\"c0431f7\" data-element_type=\"widget\" data-e-type=\"widget\" data-widget_type=\"text-editor.default\">\n\t\t\t\t\t\t\t\t\t<p>Stay in a property with exceptional views of the Golden Isles. Nestled in a quiet hillside setting in the Maures Massif, Villa Thalassa offers a typical Med atmosphere, with cicadas on the terrace, surrounded by umbrella pines, eucalyptus and olive trees, at the foot of the wild garrigue of a listed site.<\/p>\n\t\t\t\t\t\t\t\t<\/div>\n\t\t\t\t<\/div>\n\t\t<div class=\"elementor-element elementor-element-37a3544 e-flex e-con-boxed e-con e-child\" data-id=\"37a3544\" data-element_type=\"container\" data-e-type=\"container\">\n\t\t\t\t\t<div class=\"e-con-inner\">\n\t\t\t\t<div class=\"elementor-element elementor-element-38b708c elementor-widget elementor-widget-text-editor\" data-id=\"38b708c\" data-element_type=\"widget\" data-e-type=\"widget\" data-widget_type=\"text-editor.default\">\n\t\t\t\t\t\t\t\t\t<p>From \u20ac140 per night<\/p>\n\t\t\t\t\t\t\t\t<\/div>\n\t\t\t\t\t<\/div>\n\t\t\t\t<\/div>\n\t\t\t\t\t<\/div>\n\t\t\t\t<\/div>\n\t\t\t\t<\/div>\n\t\t<div class=\"elementor-element elementor-element-4ac8572 e-con-full e-flex e-con e-child\" data-id=\"4ac8572\" data-element_type=\"container\" data-e-type=\"container\" data-settings=\"{&quot;background_background&quot;:&quot;classic&quot;}\">\n\t\t\t\t<div class=\"elementor-element elementor-element-793c41c elementor-widget elementor-widget-image\" data-id=\"793c41c\" data-element_type=\"widget\" data-e-type=\"widget\" data-widget_type=\"image.default\">\n\t\t\t\t\t\t\t\t\t\t\t\t\t\t\t\t<a href=\"https:\/\/www.maisonshotesprovence.com\/directory-maisons_d_ho\/les-maisons\/la-bastide-selva\/\">\n\t\t\t\t\t\t\t<img decoding=\"async\" src=\"https:\/\/maisonshotesprovence.com\/wp-content\/uploads\/2024\/01\/Piscine-et-facade-Sud-2-1-scaled.webp\" title=\"\" alt=\"\" loading=\"lazy\" \/>\t\t\t\t\t\t\t\t<\/a>\n\t\t\t\t\t\t\t\t\t\t\t\t\t\t\t<\/div>\n\t\t<div class=\"elementor-element elementor-element-a0a1bef e-flex e-con-boxed e-con e-child\" data-id=\"a0a1bef\" data-element_type=\"container\" data-e-type=\"container\">\n\t\t\t\t\t<div class=\"e-con-inner\">\n\t\t\t\t<div class=\"elementor-element elementor-element-05d6cd1 elementor-widget elementor-widget-heading\" data-id=\"05d6cd1\" data-element_type=\"widget\" data-e-type=\"widget\" data-widget_type=\"heading.default\">\n\t\t\t\t\t<h2 class=\"elementor-heading-title elementor-size-default\"><a href=\"https:\/\/www.maisonshotesprovence.com\/directory-maisons_d_ho\/les-maisons\/la-bastide-selva\/\">La Bastide Selva<\/a><\/h2>\t\t\t\t<\/div>\n\t\t\t\t\t<\/div>\n\t\t\t\t<\/div>\n\t\t<div class=\"elementor-element elementor-element-e93e86a e-flex e-con-boxed e-con e-child\" data-id=\"e93e86a\" data-element_type=\"container\" data-e-type=\"container\">\n\t\t\t\t\t<div class=\"e-con-inner\">\n\t\t<div class=\"elementor-element elementor-element-691889b e-con-full e-flex e-con e-child\" data-id=\"691889b\" data-element_type=\"container\" data-e-type=\"container\">\n\t\t\t\t<div class=\"elementor-element elementor-element-2a0e45d elementor-widget elementor-widget-text-editor\" data-id=\"2a0e45d\" data-element_type=\"widget\" data-e-type=\"widget\" data-widget_type=\"text-editor.default\">\n\t\t\t\t\t\t\t\t\t<p>Between land and sea, Bastide Selva is located in La Garde-Freinet, in the heart of the Maures forest. Enjoy a relaxing stopover just minutes from the Mediterranean, Saint-Tropez and the villages of the Gulf. Birdsong, cicadas and the rustle of the Mistral wind will accompany your stay. As night falls, gather on the terrace, with the Cap Camarat lighthouse in the distance.<\/p>\n\t\t\t\t\t\t\t\t<\/div>\n\t\t\t\t<\/div>\n\t\t<div class=\"elementor-element elementor-element-6368aab e-flex e-con-boxed e-con e-child\" data-id=\"6368aab\" data-element_type=\"container\" data-e-type=\"container\">\n\t\t\t\t\t<div class=\"e-con-inner\">\n\t\t\t\t<div class=\"elementor-element elementor-element-22f3120 elementor-widget elementor-widget-text-editor\" data-id=\"22f3120\" data-element_type=\"widget\" data-e-type=\"widget\" data-widget_type=\"text-editor.default\">\n\t\t\t\t\t\t\t\t\t<p>From \u20ac160 per night<\/p>\n\t\t\t\t\t\t\t\t<\/div>\n\t\t\t\t\t<\/div>\n\t\t\t\t<\/div>\n\t\t\t\t\t<\/div>\n\t\t\t\t<\/div>\n\t\t\t\t<\/div>\n\t\t\t\t\t<\/div>\n\t\t\t\t<\/div>\n\t\t\t\t<\/div>\n\t\t","protected":false},"excerpt":{"rendered":"<p>The C\u00f4te d&#8217;Azur Varoise The C\u00f4te d&#8217;Azur Varoise is the meeting point between the Mediterranean Sea, its fine sandy beaches, wild creeks and coastal paths, and the hinterland where you can discover picturesque medieval villages, ancient chapels, cork oak forests and many other typical Provence treasures. &#8220;Provence with its feet in the water&#8221;: enjoy wineries, [&hellip;]<\/p>\n","protected":false},"author":19,"featured_media":0,"parent":0,"menu_order":0,"comment_status":"closed","ping_status":"closed","template":"elementor_header_footer","meta":{"_monsterinsights_skip_tracking":false,"_monsterinsights_sitenote_active":false,"_monsterinsights_sitenote_note":"","_monsterinsights_sitenote_category":0,"footnotes":""},"folder":[],"class_list":["post-47715","page","type-page","status-publish","hentry"],"yoast_head":"<!-- This site is optimized with the Yoast SEO plugin v26.8 - https:\/\/yoast.com\/product\/yoast-seo-wordpress\/ -->\n<title>The C\u00f4te d&#039;Azur Varoise - Les Maisons d&#039;h\u00f4tes de Provence<\/title>\n<meta name=\"robots\" content=\"index, follow, max-snippet:-1, max-image-preview:large, max-video-preview:-1\" \/>\n<link rel=\"canonical\" href=\"https:\/\/maisonshotesprovence.com\/en\/the-cote-dazur-varoise\/\" \/>\n<meta property=\"og:locale\" content=\"en_US\" \/>\n<meta property=\"og:type\" content=\"article\" \/>\n<meta property=\"og:title\" content=\"The C\u00f4te d&#039;Azur Varoise - Les Maisons d&#039;h\u00f4tes de Provence\" \/>\n<meta property=\"og:description\" content=\"The C\u00f4te d&#8217;Azur Varoise The C\u00f4te d&#8217;Azur Varoise is the meeting point between the Mediterranean Sea, its fine sandy beaches, wild creeks and coastal paths, and the hinterland where you can discover picturesque medieval villages, ancient chapels, cork oak forests and many other typical Provence treasures. &#8220;Provence with its feet in the water&#8221;: enjoy wineries, [&hellip;]\" \/>\n<meta property=\"og:url\" content=\"https:\/\/maisonshotesprovence.com\/en\/the-cote-dazur-varoise\/\" \/>\n<meta property=\"og:site_name\" content=\"Les Maisons d&#039;h\u00f4tes de Provence\" \/>\n<meta property=\"article:publisher\" content=\"https:\/\/www.facebook.com\/maisonsdhotesdeprovence\" \/>\n<meta property=\"article:modified_time\" content=\"2024-04-11T04:54:44+00:00\" \/>\n<meta property=\"og:image\" content=\"https:\/\/maisonshotesprovence.com\/wp-content\/uploads\/2023\/09\/ligne.png\" \/>\n<meta name=\"twitter:card\" content=\"summary_large_image\" \/>\n<meta name=\"twitter:label1\" content=\"Est. reading time\" \/>\n\t<meta name=\"twitter:data1\" content=\"1 minute\" \/>\n<script type=\"application\/ld+json\" class=\"yoast-schema-graph\">{\"@context\":\"https:\/\/schema.org\",\"@graph\":[{\"@type\":\"WebPage\",\"@id\":\"https:\/\/maisonshotesprovence.com\/en\/the-cote-dazur-varoise\/\",\"url\":\"https:\/\/maisonshotesprovence.com\/en\/the-cote-dazur-varoise\/\",\"name\":\"The C\u00f4te d'Azur Varoise - Les Maisons d&#039;h\u00f4tes de Provence\",\"isPartOf\":{\"@id\":\"https:\/\/maisonshotesprovence.com\/#website\"},\"primaryImageOfPage\":{\"@id\":\"https:\/\/maisonshotesprovence.com\/en\/the-cote-dazur-varoise\/#primaryimage\"},\"image\":{\"@id\":\"https:\/\/maisonshotesprovence.com\/en\/the-cote-dazur-varoise\/#primaryimage\"},\"thumbnailUrl\":\"https:\/\/maisonshotesprovence.com\/wp-content\/uploads\/2023\/09\/ligne.png\",\"datePublished\":\"2023-11-04T10:09:42+00:00\",\"dateModified\":\"2024-04-11T04:54:44+00:00\",\"breadcrumb\":{\"@id\":\"https:\/\/maisonshotesprovence.com\/en\/the-cote-dazur-varoise\/#breadcrumb\"},\"inLanguage\":\"en-US\",\"potentialAction\":[{\"@type\":\"ReadAction\",\"target\":[\"https:\/\/maisonshotesprovence.com\/en\/the-cote-dazur-varoise\/\"]}]},{\"@type\":\"ImageObject\",\"inLanguage\":\"en-US\",\"@id\":\"https:\/\/maisonshotesprovence.com\/en\/the-cote-dazur-varoise\/#primaryimage\",\"url\":\"https:\/\/maisonshotesprovence.com\/wp-content\/uploads\/2023\/09\/ligne.png\",\"contentUrl\":\"https:\/\/maisonshotesprovence.com\/wp-content\/uploads\/2023\/09\/ligne.png\"},{\"@type\":\"BreadcrumbList\",\"@id\":\"https:\/\/maisonshotesprovence.com\/en\/the-cote-dazur-varoise\/#breadcrumb\",\"itemListElement\":[{\"@type\":\"ListItem\",\"position\":1,\"name\":\"Accueil\",\"item\":\"https:\/\/maisonshotesprovence.com\/en\/home\/\"},{\"@type\":\"ListItem\",\"position\":2,\"name\":\"The C\u00f4te d&#8217;Azur Varoise\"}]},{\"@type\":\"WebSite\",\"@id\":\"https:\/\/maisonshotesprovence.com\/#website\",\"url\":\"https:\/\/maisonshotesprovence.com\/\",\"name\":\"Les Maisons d'h\u00f4tes de Provence\",\"description\":\"\",\"publisher\":{\"@id\":\"https:\/\/maisonshotesprovence.com\/#organization\"},\"potentialAction\":[{\"@type\":\"SearchAction\",\"target\":{\"@type\":\"EntryPoint\",\"urlTemplate\":\"https:\/\/maisonshotesprovence.com\/?s={search_term_string}\"},\"query-input\":{\"@type\":\"PropertyValueSpecification\",\"valueRequired\":true,\"valueName\":\"search_term_string\"}}],\"inLanguage\":\"en-US\"},{\"@type\":\"Organization\",\"@id\":\"https:\/\/maisonshotesprovence.com\/#organization\",\"name\":\"Les Maisons d'h\u00f4tes de Provence\",\"url\":\"https:\/\/maisonshotesprovence.com\/\",\"logo\":{\"@type\":\"ImageObject\",\"inLanguage\":\"en-US\",\"@id\":\"https:\/\/maisonshotesprovence.com\/#\/schema\/logo\/image\/\",\"url\":\"https:\/\/maisonshotesprovence.com\/wp-content\/uploads\/2023\/09\/logos_MHP_H_L.png\",\"contentUrl\":\"https:\/\/maisonshotesprovence.com\/wp-content\/uploads\/2023\/09\/logos_MHP_H_L.png\",\"width\":495,\"height\":140,\"caption\":\"Les Maisons d'h\u00f4tes de Provence\"},\"image\":{\"@id\":\"https:\/\/maisonshotesprovence.com\/#\/schema\/logo\/image\/\"},\"sameAs\":[\"https:\/\/www.facebook.com\/maisonsdhotesdeprovence\"]}]}<\/script>\n<!-- \/ Yoast SEO plugin. -->","yoast_head_json":{"title":"The C\u00f4te d'Azur Varoise - Les Maisons d&#039;h\u00f4tes de Provence","robots":{"index":"index","follow":"follow","max-snippet":"max-snippet:-1","max-image-preview":"max-image-preview:large","max-video-preview":"max-video-preview:-1"},"canonical":"https:\/\/maisonshotesprovence.com\/en\/the-cote-dazur-varoise\/","og_locale":"en_US","og_type":"article","og_title":"The C\u00f4te d'Azur Varoise - Les Maisons d&#039;h\u00f4tes de Provence","og_description":"The C\u00f4te d&#8217;Azur Varoise The C\u00f4te d&#8217;Azur Varoise is the meeting point between the Mediterranean Sea, its fine sandy beaches, wild creeks and coastal paths, and the hinterland where you can discover picturesque medieval villages, ancient chapels, cork oak forests and many other typical Provence treasures. &#8220;Provence with its feet in the water&#8221;: enjoy wineries, [&hellip;]","og_url":"https:\/\/maisonshotesprovence.com\/en\/the-cote-dazur-varoise\/","og_site_name":"Les Maisons d&#039;h\u00f4tes de Provence","article_publisher":"https:\/\/www.facebook.com\/maisonsdhotesdeprovence","article_modified_time":"2024-04-11T04:54:44+00:00","og_image":[{"url":"https:\/\/maisonshotesprovence.com\/wp-content\/uploads\/2023\/09\/ligne.png","type":"","width":"","height":""}],"twitter_card":"summary_large_image","twitter_misc":{"Est. reading time":"1 minute"},"schema":{"@context":"https:\/\/schema.org","@graph":[{"@type":"WebPage","@id":"https:\/\/maisonshotesprovence.com\/en\/the-cote-dazur-varoise\/","url":"https:\/\/maisonshotesprovence.com\/en\/the-cote-dazur-varoise\/","name":"The C\u00f4te d'Azur Varoise - Les Maisons d&#039;h\u00f4tes de Provence","isPartOf":{"@id":"https:\/\/maisonshotesprovence.com\/#website"},"primaryImageOfPage":{"@id":"https:\/\/maisonshotesprovence.com\/en\/the-cote-dazur-varoise\/#primaryimage"},"image":{"@id":"https:\/\/maisonshotesprovence.com\/en\/the-cote-dazur-varoise\/#primaryimage"},"thumbnailUrl":"https:\/\/maisonshotesprovence.com\/wp-content\/uploads\/2023\/09\/ligne.png","datePublished":"2023-11-04T10:09:42+00:00","dateModified":"2024-04-11T04:54:44+00:00","breadcrumb":{"@id":"https:\/\/maisonshotesprovence.com\/en\/the-cote-dazur-varoise\/#breadcrumb"},"inLanguage":"en-US","potentialAction":[{"@type":"ReadAction","target":["https:\/\/maisonshotesprovence.com\/en\/the-cote-dazur-varoise\/"]}]},{"@type":"ImageObject","inLanguage":"en-US","@id":"https:\/\/maisonshotesprovence.com\/en\/the-cote-dazur-varoise\/#primaryimage","url":"https:\/\/maisonshotesprovence.com\/wp-content\/uploads\/2023\/09\/ligne.png","contentUrl":"https:\/\/maisonshotesprovence.com\/wp-content\/uploads\/2023\/09\/ligne.png"},{"@type":"BreadcrumbList","@id":"https:\/\/maisonshotesprovence.com\/en\/the-cote-dazur-varoise\/#breadcrumb","itemListElement":[{"@type":"ListItem","position":1,"name":"Accueil","item":"https:\/\/maisonshotesprovence.com\/en\/home\/"},{"@type":"ListItem","position":2,"name":"The C\u00f4te d&#8217;Azur Varoise"}]},{"@type":"WebSite","@id":"https:\/\/maisonshotesprovence.com\/#website","url":"https:\/\/maisonshotesprovence.com\/","name":"Les Maisons d'h\u00f4tes de Provence","description":"","publisher":{"@id":"https:\/\/maisonshotesprovence.com\/#organization"},"potentialAction":[{"@type":"SearchAction","target":{"@type":"EntryPoint","urlTemplate":"https:\/\/maisonshotesprovence.com\/?s={search_term_string}"},"query-input":{"@type":"PropertyValueSpecification","valueRequired":true,"valueName":"search_term_string"}}],"inLanguage":"en-US"},{"@type":"Organization","@id":"https:\/\/maisonshotesprovence.com\/#organization","name":"Les Maisons d'h\u00f4tes de Provence","url":"https:\/\/maisonshotesprovence.com\/","logo":{"@type":"ImageObject","inLanguage":"en-US","@id":"https:\/\/maisonshotesprovence.com\/#\/schema\/logo\/image\/","url":"https:\/\/maisonshotesprovence.com\/wp-content\/uploads\/2023\/09\/logos_MHP_H_L.png","contentUrl":"https:\/\/maisonshotesprovence.com\/wp-content\/uploads\/2023\/09\/logos_MHP_H_L.png","width":495,"height":140,"caption":"Les Maisons d'h\u00f4tes de Provence"},"image":{"@id":"https:\/\/maisonshotesprovence.com\/#\/schema\/logo\/image\/"},"sameAs":["https:\/\/www.facebook.com\/maisonsdhotesdeprovence"]}]}},"_links":{"self":[{"href":"https:\/\/maisonshotesprovence.com\/en\/wp-json\/wp\/v2\/pages\/47715","targetHints":{"allow":["GET"]}}],"collection":[{"href":"https:\/\/maisonshotesprovence.com\/en\/wp-json\/wp\/v2\/pages"}],"about":[{"href":"https:\/\/maisonshotesprovence.com\/en\/wp-json\/wp\/v2\/types\/page"}],"author":[{"embeddable":true,"href":"https:\/\/maisonshotesprovence.com\/en\/wp-json\/wp\/v2\/users\/19"}],"replies":[{"embeddable":true,"href":"https:\/\/maisonshotesprovence.com\/en\/wp-json\/wp\/v2\/comments?post=47715"}],"version-history":[{"count":7,"href":"https:\/\/maisonshotesprovence.com\/en\/wp-json\/wp\/v2\/pages\/47715\/revisions"}],"predecessor-version":[{"id":52440,"href":"https:\/\/maisonshotesprovence.com\/en\/wp-json\/wp\/v2\/pages\/47715\/revisions\/52440"}],"wp:attachment":[{"href":"https:\/\/maisonshotesprovence.com\/en\/wp-json\/wp\/v2\/media?parent=47715"}],"wp:term":[{"taxonomy":"folder","embeddable":true,"href":"https:\/\/maisonshotesprovence.com\/en\/wp-json\/wp\/v2\/folder?post=47715"}],"curies":[{"name":"wp","href":"https:\/\/api.w.org\/{rel}","templated":true}]}}