{"id":47731,"date":"2023-11-04T11:12:52","date_gmt":"2023-11-04T10:12:52","guid":{"rendered":"https:\/\/maisonshotesprovence.com\/pays-de-fayence\/"},"modified":"2024-04-11T07:00:25","modified_gmt":"2024-04-11T05:00:25","slug":"pays-de-fayence","status":"publish","type":"page","link":"https:\/\/maisonshotesprovence.com\/en\/pays-de-fayence\/","title":{"rendered":"Pays de Fayence"},"content":{"rendered":"\t\t<div data-elementor-type=\"wp-page\" data-elementor-id=\"47731\" class=\"elementor elementor-47731 elementor-42478\" data-elementor-post-type=\"page\">\n\t\t\t\t<div class=\"elementor-element elementor-element-ffebd22 e-flex e-con-boxed e-con e-parent\" data-id=\"ffebd22\" data-element_type=\"container\" data-e-type=\"container\" data-settings=\"{&quot;background_background&quot;:&quot;classic&quot;}\">\n\t\t\t\t\t<div class=\"e-con-inner\">\n\t\t\t\t<div class=\"elementor-element elementor-element-bb4042b elementor-widget elementor-widget-menu-anchor\" data-id=\"bb4042b\" data-element_type=\"widget\" data-e-type=\"widget\" data-widget_type=\"menu-anchor.default\">\n\t\t\t\t\t\t\t<div class=\"elementor-menu-anchor\" id=\"fayence\"><\/div>\n\t\t\t\t\t\t<\/div>\n\t\t<div class=\"elementor-element elementor-element-1100c19 e-con-full e-flex e-con e-child\" data-id=\"1100c19\" data-element_type=\"container\" data-e-type=\"container\" data-settings=\"{&quot;background_background&quot;:&quot;classic&quot;}\">\n\t\t\t\t<\/div>\n\t\t<div class=\"elementor-element elementor-element-c9a62af e-con-full e-flex e-con e-child\" data-id=\"c9a62af\" data-element_type=\"container\" data-e-type=\"container\" data-settings=\"{&quot;background_background&quot;:&quot;classic&quot;}\">\n\t\t\t\t<div class=\"elementor-element elementor-element-c25508d elementor-invisible elementor-widget elementor-widget-heading\" data-id=\"c25508d\" data-element_type=\"widget\" data-e-type=\"widget\" data-settings=\"{&quot;_animation&quot;:&quot;fadeIn&quot;,&quot;_animation_delay&quot;:200}\" data-widget_type=\"heading.default\">\n\t\t\t\t\t<h1 class=\"elementor-heading-title elementor-size-default\">Pays de Fayence<\/h1>\t\t\t\t<\/div>\n\t\t\t\t<div class=\"elementor-element elementor-element-059cac7 elementor-widget elementor-widget-image\" data-id=\"059cac7\" data-element_type=\"widget\" data-e-type=\"widget\" data-widget_type=\"image.default\">\n\t\t\t\t\t\t\t\t\t\t\t\t\t\t\t<img decoding=\"async\" width=\"544\" height=\"22\" src=\"https:\/\/maisonshotesprovence.com\/wp-content\/uploads\/2023\/09\/ligne.png\" class=\"attachment-large size-large wp-image-39264\" alt=\"\" srcset=\"https:\/\/maisonshotesprovence.com\/wp-content\/uploads\/2023\/09\/ligne.png 544w, https:\/\/maisonshotesprovence.com\/wp-content\/uploads\/2023\/09\/ligne-300x12.png 300w\" sizes=\"(max-width: 544px) 100vw, 544px\" \/>\t\t\t\t\t\t\t\t\t\t\t\t\t\t\t<\/div>\n\t\t\t\t<div class=\"elementor-element elementor-element-df6ade4 elementor-widget elementor-widget-heading\" data-id=\"df6ade4\" data-element_type=\"widget\" data-e-type=\"widget\" data-widget_type=\"heading.default\">\n\t\t\t\t\t<p class=\"elementor-heading-title elementor-size-default\">Head for the east of the Var to discover the Pays de Fayence :<br> a group of 9 characterful hilltop villages and their surroundings with much to offer. <br>\n\nThis exceptional territory stretches from the northern Est\u00e9rel to the southern foothills of the Gorges du Verdon, so you'll be close to the Pays de Grasse, Pays de L\u00e9rins and Pays Drac\u00e9nois! <br>\n\nAt its heart are superb Provencal villages with a rich historical and cultural heritage, including Seillans, one of the most beautiful villages in France, as well as gorges and rivers, and the famous Saint-Cassien lake. <br>\n\nA space that will delight nature lovers, but which is also ideal for relaxation and leisure activities: <br>Water games, pedal boats, inflatables, fishing, rowing, catering... <br><br>\n\nVenturing a little further afield, you can enjoy the Gorges du Verdon, the Est\u00e9rel, the sea, the islands and also the Pays de Grasse, the world capital of perfume. <br>\n\nIn the early months of the year, some of the Var hills are adorned with the beautiful golden color of mimosas. Follow the route dedicated to these trees with their fluffy, fragrant flowers through the Tanneron massif to discover some marvels!<br>\n\nA hike in the Blavet gorges, a stroll among the mimosa and olive trees or a pedalo ride on Lake Saint-Cassien, the discovery of a market selling delicious local produce or unforgettable restaurants in one of the Pays de Fayence villages, the freshness of the river... <br><br>Treat yourself to the gentle Provencal way of life. <br>\n\n<\/p>\t\t\t\t<\/div>\n\t\t\t\t<\/div>\n\t\t\t\t\t<\/div>\n\t\t\t\t<\/div>\n\t\t<div class=\"elementor-element elementor-element-fb9c26c e-flex e-con-boxed e-con e-parent\" data-id=\"fb9c26c\" data-element_type=\"container\" data-e-type=\"container\">\n\t\t\t\t\t<div class=\"e-con-inner\">\n\t\t<div class=\"elementor-element elementor-element-17d02be e-con-full e-flex e-con e-child\" data-id=\"17d02be\" data-element_type=\"container\" data-e-type=\"container\" data-settings=\"{&quot;background_background&quot;:&quot;classic&quot;}\">\n\t\t\t\t<div class=\"elementor-element elementor-element-cbe7bcb elementor-widget elementor-widget-image\" data-id=\"cbe7bcb\" data-element_type=\"widget\" data-e-type=\"widget\" data-widget_type=\"image.default\">\n\t\t\t\t\t\t\t\t\t\t\t\t\t\t\t\t<a href=\"https:\/\/www.maisonshotesprovence.com\/directory-maisons_d_ho\/les-maisons\/le-mas-des-romarins\/\">\n\t\t\t\t\t\t\t<img fetchpriority=\"high\" decoding=\"async\" width=\"1024\" height=\"683\" src=\"https:\/\/maisonshotesprovence.com\/wp-content\/uploads\/2024\/01\/AnyConv.com__Mas_des_Romarins_Marion_Dubanchet_2021-303.webp\" class=\"attachment-full size-full wp-image-48215\" alt=\"\" srcset=\"https:\/\/maisonshotesprovence.com\/wp-content\/uploads\/2024\/01\/AnyConv.com__Mas_des_Romarins_Marion_Dubanchet_2021-303.webp 1024w, https:\/\/maisonshotesprovence.com\/wp-content\/uploads\/2024\/01\/AnyConv.com__Mas_des_Romarins_Marion_Dubanchet_2021-303-300x200.webp 300w, https:\/\/maisonshotesprovence.com\/wp-content\/uploads\/2024\/01\/AnyConv.com__Mas_des_Romarins_Marion_Dubanchet_2021-303-768x512.webp 768w, https:\/\/maisonshotesprovence.com\/wp-content\/uploads\/2024\/01\/AnyConv.com__Mas_des_Romarins_Marion_Dubanchet_2021-303-240x160.webp 240w\" sizes=\"(max-width: 1024px) 100vw, 1024px\" \/>\t\t\t\t\t\t\t\t<\/a>\n\t\t\t\t\t\t\t\t\t\t\t\t\t\t\t<\/div>\n\t\t<div class=\"elementor-element elementor-element-cc0812b e-flex e-con-boxed e-con e-child\" data-id=\"cc0812b\" data-element_type=\"container\" data-e-type=\"container\">\n\t\t\t\t\t<div class=\"e-con-inner\">\n\t\t\t\t<div class=\"elementor-element elementor-element-b850b11 elementor-widget elementor-widget-heading\" data-id=\"b850b11\" data-element_type=\"widget\" data-e-type=\"widget\" data-widget_type=\"heading.default\">\n\t\t\t\t\t<h2 class=\"elementor-heading-title elementor-size-default\"><a href=\"https:\/\/www.maisonshotesprovence.com\/directory-maisons_d_ho\/les-maisons\/le-mas-des-romarins\/\">Le Mas des Romarins<\/a><\/h2>\t\t\t\t<\/div>\n\t\t\t\t\t<\/div>\n\t\t\t\t<\/div>\n\t\t<div class=\"elementor-element elementor-element-4ba1aac e-flex e-con-boxed e-con e-child\" data-id=\"4ba1aac\" data-element_type=\"container\" data-e-type=\"container\">\n\t\t\t\t\t<div class=\"e-con-inner\">\n\t\t<div class=\"elementor-element elementor-element-1e0541a e-con-full e-flex e-con e-child\" data-id=\"1e0541a\" data-element_type=\"container\" data-e-type=\"container\">\n\t\t\t\t<div class=\"elementor-element elementor-element-337b373 elementor-widget elementor-widget-text-editor\" data-id=\"337b373\" data-element_type=\"widget\" data-e-type=\"widget\" data-widget_type=\"text-editor.default\">\n\t\t\t\t\t\t\t\t\t<p>Excellent guest rooms, nestled in the plain below the historic village of Fayence, right in the heart of Provence and all its senses. Four characterful bedrooms, each designed with high-quality materials, the house is perfect for couples or small groups of friends looking to get away from it all and relax.<\/p><\/p>\n\t\t\t\t\t\t\t\t<\/div>\n\t\t\t\t<\/div>\n\t\t<div class=\"elementor-element elementor-element-a915c23 e-flex e-con-boxed e-con e-child\" data-id=\"a915c23\" data-element_type=\"container\" data-e-type=\"container\">\n\t\t\t\t\t<div class=\"e-con-inner\">\n\t\t\t\t<div class=\"elementor-element elementor-element-d103a45 elementor-widget elementor-widget-text-editor\" data-id=\"d103a45\" data-element_type=\"widget\" data-e-type=\"widget\" data-widget_type=\"text-editor.default\">\n\t\t\t\t\t\t\t\t\t<p>From \u20ac140 per night<\/p>\n\t\t\t\t\t\t\t\t<\/div>\n\t\t\t\t\t<\/div>\n\t\t\t\t<\/div>\n\t\t\t\t\t<\/div>\n\t\t\t\t<\/div>\n\t\t\t\t<\/div>\n\t\t<div class=\"elementor-element elementor-element-3416b7f e-con-full e-flex e-con e-child\" data-id=\"3416b7f\" data-element_type=\"container\" data-e-type=\"container\" data-settings=\"{&quot;background_background&quot;:&quot;classic&quot;}\">\n\t\t\t\t<div class=\"elementor-element elementor-element-375285f elementor-widget elementor-widget-image\" data-id=\"375285f\" data-element_type=\"widget\" data-e-type=\"widget\" data-widget_type=\"image.default\">\n\t\t\t\t\t\t\t\t\t\t\t\t\t\t\t\t<a href=\"https:\/\/www.maisonshotesprovence.com\/directory-maisons_d_ho\/les-maisons\/la-maison-de-platane\/\">\n\t\t\t\t\t\t\t<img decoding=\"async\" width=\"1708\" height=\"2560\" src=\"https:\/\/maisonshotesprovence.com\/wp-content\/uploads\/2024\/01\/Vue-piscine-vers-maison-Maison-Platane-chambres-d_hotes-de-qualite-FAYENCE-Var-Provence-scaled.webp\" class=\"attachment-full size-full wp-image-48433\" alt=\"\" srcset=\"https:\/\/maisonshotesprovence.com\/wp-content\/uploads\/2024\/01\/Vue-piscine-vers-maison-Maison-Platane-chambres-d_hotes-de-qualite-FAYENCE-Var-Provence-scaled.webp 1708w, https:\/\/maisonshotesprovence.com\/wp-content\/uploads\/2024\/01\/Vue-piscine-vers-maison-Maison-Platane-chambres-d_hotes-de-qualite-FAYENCE-Var-Provence-200x300.webp 200w, https:\/\/maisonshotesprovence.com\/wp-content\/uploads\/2024\/01\/Vue-piscine-vers-maison-Maison-Platane-chambres-d_hotes-de-qualite-FAYENCE-Var-Provence-683x1024.webp 683w, https:\/\/maisonshotesprovence.com\/wp-content\/uploads\/2024\/01\/Vue-piscine-vers-maison-Maison-Platane-chambres-d_hotes-de-qualite-FAYENCE-Var-Provence-768x1151.webp 768w, https:\/\/maisonshotesprovence.com\/wp-content\/uploads\/2024\/01\/Vue-piscine-vers-maison-Maison-Platane-chambres-d_hotes-de-qualite-FAYENCE-Var-Provence-1025x1536.webp 1025w, https:\/\/maisonshotesprovence.com\/wp-content\/uploads\/2024\/01\/Vue-piscine-vers-maison-Maison-Platane-chambres-d_hotes-de-qualite-FAYENCE-Var-Provence-1367x2048.webp 1367w, https:\/\/maisonshotesprovence.com\/wp-content\/uploads\/2024\/01\/Vue-piscine-vers-maison-Maison-Platane-chambres-d_hotes-de-qualite-FAYENCE-Var-Provence-120x180.webp 120w\" sizes=\"(max-width: 1708px) 100vw, 1708px\" \/>\t\t\t\t\t\t\t\t<\/a>\n\t\t\t\t\t\t\t\t\t\t\t\t\t\t\t<\/div>\n\t\t<div class=\"elementor-element elementor-element-043c963 e-flex e-con-boxed e-con e-child\" data-id=\"043c963\" data-element_type=\"container\" data-e-type=\"container\">\n\t\t\t\t\t<div class=\"e-con-inner\">\n\t\t\t\t<div class=\"elementor-element elementor-element-cdd1b10 elementor-widget elementor-widget-heading\" data-id=\"cdd1b10\" data-element_type=\"widget\" data-e-type=\"widget\" data-widget_type=\"heading.default\">\n\t\t\t\t\t<h2 class=\"elementor-heading-title elementor-size-default\"><a href=\"https:\/\/www.maisonshotesprovence.com\/directory-maisons_d_ho\/les-maisons\/la-maison-de-platane\/\">The Platane house<\/a><\/h2>\t\t\t\t<\/div>\n\t\t\t\t\t<\/div>\n\t\t\t\t<\/div>\n\t\t<div class=\"elementor-element elementor-element-cd298b3 e-flex e-con-boxed e-con e-child\" data-id=\"cd298b3\" data-element_type=\"container\" data-e-type=\"container\">\n\t\t\t\t\t<div class=\"e-con-inner\">\n\t\t<div class=\"elementor-element elementor-element-7c20525 e-flex e-con-boxed e-con e-child\" data-id=\"7c20525\" data-element_type=\"container\" data-e-type=\"container\">\n\t\t\t\t\t<div class=\"e-con-inner\">\n\t\t\t\t<div class=\"elementor-element elementor-element-0b76fc7 elementor-widget elementor-widget-text-editor\" data-id=\"0b76fc7\" data-element_type=\"widget\" data-e-type=\"widget\" data-widget_type=\"text-editor.default\">\n\t\t\t\t\t\t\t\t\t<p>In the heart of the village, 1600m\u00b2 of gardens await you next to a 14th-century building, a vestige of Fayence&#8217;s former ch\u00e2teau. Renovated and tastefully decorated, if you&#8217;re looking to disconnect and enjoy the atmosphere of Provence, La Maison has been designed for you. Stroll through the garden, admiring the roses that frame the view of the bell tower. A large, emerald-green swimming pool adds magic to this oasis of calm. <\/p>\n\t\t\t\t\t\t\t\t<\/div>\n\t\t\t\t\t<\/div>\n\t\t\t\t<\/div>\n\t\t<div class=\"elementor-element elementor-element-a986840 e-flex e-con-boxed e-con e-child\" data-id=\"a986840\" data-element_type=\"container\" data-e-type=\"container\">\n\t\t\t\t\t<div class=\"e-con-inner\">\n\t\t\t\t<div class=\"elementor-element elementor-element-dd8fe84 elementor-widget elementor-widget-text-editor\" data-id=\"dd8fe84\" data-element_type=\"widget\" data-e-type=\"widget\" data-widget_type=\"text-editor.default\">\n\t\t\t\t\t\t\t\t\t<p>From \u20ac155 per night<\/p>\n\t\t\t\t\t\t\t\t<\/div>\n\t\t\t\t\t<\/div>\n\t\t\t\t<\/div>\n\t\t\t\t\t<\/div>\n\t\t\t\t<\/div>\n\t\t\t\t<\/div>\n\t\t\t\t\t<\/div>\n\t\t\t\t<\/div>\n\t\t\t\t<\/div>\n\t\t","protected":false},"excerpt":{"rendered":"<p>Pays de Fayence Head for the east of the Var to discover the Pays de Fayence : a group of 9 characterful hilltop villages and their surroundings with much to offer. This exceptional territory stretches from the northern Est\u00e9rel to the southern foothills of the Gorges du Verdon, so you&#8217;ll be close to the Pays [&hellip;]<\/p>\n","protected":false},"author":19,"featured_media":0,"parent":0,"menu_order":0,"comment_status":"closed","ping_status":"closed","template":"elementor_header_footer","meta":{"_monsterinsights_skip_tracking":false,"_monsterinsights_sitenote_active":false,"_monsterinsights_sitenote_note":"","_monsterinsights_sitenote_category":0,"footnotes":""},"folder":[],"class_list":["post-47731","page","type-page","status-publish","hentry"],"yoast_head":"<!-- This site is optimized with the Yoast SEO plugin v26.8 - https:\/\/yoast.com\/product\/yoast-seo-wordpress\/ -->\n<title>Pays de Fayence - Les Maisons d&#039;h\u00f4tes de Provence<\/title>\n<meta name=\"robots\" content=\"index, follow, max-snippet:-1, max-image-preview:large, max-video-preview:-1\" \/>\n<link rel=\"canonical\" href=\"https:\/\/maisonshotesprovence.com\/en\/pays-de-fayence\/\" \/>\n<meta property=\"og:locale\" content=\"en_US\" \/>\n<meta property=\"og:type\" content=\"article\" \/>\n<meta property=\"og:title\" content=\"Pays de Fayence - Les Maisons d&#039;h\u00f4tes de Provence\" \/>\n<meta property=\"og:description\" content=\"Pays de Fayence Head for the east of the Var to discover the Pays de Fayence : a group of 9 characterful hilltop villages and their surroundings with much to offer. This exceptional territory stretches from the northern Est\u00e9rel to the southern foothills of the Gorges du Verdon, so you&#8217;ll be close to the Pays [&hellip;]\" \/>\n<meta property=\"og:url\" content=\"https:\/\/maisonshotesprovence.com\/en\/pays-de-fayence\/\" \/>\n<meta property=\"og:site_name\" content=\"Les Maisons d&#039;h\u00f4tes de Provence\" \/>\n<meta property=\"article:publisher\" content=\"https:\/\/www.facebook.com\/maisonsdhotesdeprovence\" \/>\n<meta property=\"article:modified_time\" content=\"2024-04-11T05:00:25+00:00\" \/>\n<meta property=\"og:image\" content=\"https:\/\/maisonshotesprovence.com\/wp-content\/uploads\/2023\/09\/ligne.png\" \/>\n<meta name=\"twitter:card\" content=\"summary_large_image\" \/>\n<meta name=\"twitter:label1\" content=\"Est. reading time\" \/>\n\t<meta name=\"twitter:data1\" content=\"2 minutes\" \/>\n<script type=\"application\/ld+json\" class=\"yoast-schema-graph\">{\"@context\":\"https:\/\/schema.org\",\"@graph\":[{\"@type\":\"WebPage\",\"@id\":\"https:\/\/maisonshotesprovence.com\/en\/pays-de-fayence\/\",\"url\":\"https:\/\/maisonshotesprovence.com\/en\/pays-de-fayence\/\",\"name\":\"Pays de Fayence - Les Maisons d&#039;h\u00f4tes de Provence\",\"isPartOf\":{\"@id\":\"https:\/\/maisonshotesprovence.com\/#website\"},\"primaryImageOfPage\":{\"@id\":\"https:\/\/maisonshotesprovence.com\/en\/pays-de-fayence\/#primaryimage\"},\"image\":{\"@id\":\"https:\/\/maisonshotesprovence.com\/en\/pays-de-fayence\/#primaryimage\"},\"thumbnailUrl\":\"https:\/\/maisonshotesprovence.com\/wp-content\/uploads\/2023\/09\/ligne.png\",\"datePublished\":\"2023-11-04T10:12:52+00:00\",\"dateModified\":\"2024-04-11T05:00:25+00:00\",\"breadcrumb\":{\"@id\":\"https:\/\/maisonshotesprovence.com\/en\/pays-de-fayence\/#breadcrumb\"},\"inLanguage\":\"en-US\",\"potentialAction\":[{\"@type\":\"ReadAction\",\"target\":[\"https:\/\/maisonshotesprovence.com\/en\/pays-de-fayence\/\"]}]},{\"@type\":\"ImageObject\",\"inLanguage\":\"en-US\",\"@id\":\"https:\/\/maisonshotesprovence.com\/en\/pays-de-fayence\/#primaryimage\",\"url\":\"https:\/\/maisonshotesprovence.com\/wp-content\/uploads\/2023\/09\/ligne.png\",\"contentUrl\":\"https:\/\/maisonshotesprovence.com\/wp-content\/uploads\/2023\/09\/ligne.png\"},{\"@type\":\"BreadcrumbList\",\"@id\":\"https:\/\/maisonshotesprovence.com\/en\/pays-de-fayence\/#breadcrumb\",\"itemListElement\":[{\"@type\":\"ListItem\",\"position\":1,\"name\":\"Accueil\",\"item\":\"https:\/\/maisonshotesprovence.com\/en\/home\/\"},{\"@type\":\"ListItem\",\"position\":2,\"name\":\"Pays de Fayence\"}]},{\"@type\":\"WebSite\",\"@id\":\"https:\/\/maisonshotesprovence.com\/#website\",\"url\":\"https:\/\/maisonshotesprovence.com\/\",\"name\":\"Les Maisons d'h\u00f4tes de Provence\",\"description\":\"\",\"publisher\":{\"@id\":\"https:\/\/maisonshotesprovence.com\/#organization\"},\"potentialAction\":[{\"@type\":\"SearchAction\",\"target\":{\"@type\":\"EntryPoint\",\"urlTemplate\":\"https:\/\/maisonshotesprovence.com\/?s={search_term_string}\"},\"query-input\":{\"@type\":\"PropertyValueSpecification\",\"valueRequired\":true,\"valueName\":\"search_term_string\"}}],\"inLanguage\":\"en-US\"},{\"@type\":\"Organization\",\"@id\":\"https:\/\/maisonshotesprovence.com\/#organization\",\"name\":\"Les Maisons d'h\u00f4tes de Provence\",\"url\":\"https:\/\/maisonshotesprovence.com\/\",\"logo\":{\"@type\":\"ImageObject\",\"inLanguage\":\"en-US\",\"@id\":\"https:\/\/maisonshotesprovence.com\/#\/schema\/logo\/image\/\",\"url\":\"https:\/\/maisonshotesprovence.com\/wp-content\/uploads\/2023\/09\/logos_MHP_H_L.png\",\"contentUrl\":\"https:\/\/maisonshotesprovence.com\/wp-content\/uploads\/2023\/09\/logos_MHP_H_L.png\",\"width\":495,\"height\":140,\"caption\":\"Les Maisons d'h\u00f4tes de Provence\"},\"image\":{\"@id\":\"https:\/\/maisonshotesprovence.com\/#\/schema\/logo\/image\/\"},\"sameAs\":[\"https:\/\/www.facebook.com\/maisonsdhotesdeprovence\"]}]}<\/script>\n<!-- \/ Yoast SEO plugin. -->","yoast_head_json":{"title":"Pays de Fayence - Les Maisons d&#039;h\u00f4tes de Provence","robots":{"index":"index","follow":"follow","max-snippet":"max-snippet:-1","max-image-preview":"max-image-preview:large","max-video-preview":"max-video-preview:-1"},"canonical":"https:\/\/maisonshotesprovence.com\/en\/pays-de-fayence\/","og_locale":"en_US","og_type":"article","og_title":"Pays de Fayence - Les Maisons d&#039;h\u00f4tes de Provence","og_description":"Pays de Fayence Head for the east of the Var to discover the Pays de Fayence : a group of 9 characterful hilltop villages and their surroundings with much to offer. This exceptional territory stretches from the northern Est\u00e9rel to the southern foothills of the Gorges du Verdon, so you&#8217;ll be close to the Pays [&hellip;]","og_url":"https:\/\/maisonshotesprovence.com\/en\/pays-de-fayence\/","og_site_name":"Les Maisons d&#039;h\u00f4tes de Provence","article_publisher":"https:\/\/www.facebook.com\/maisonsdhotesdeprovence","article_modified_time":"2024-04-11T05:00:25+00:00","og_image":[{"url":"https:\/\/maisonshotesprovence.com\/wp-content\/uploads\/2023\/09\/ligne.png","type":"","width":"","height":""}],"twitter_card":"summary_large_image","twitter_misc":{"Est. reading time":"2 minutes"},"schema":{"@context":"https:\/\/schema.org","@graph":[{"@type":"WebPage","@id":"https:\/\/maisonshotesprovence.com\/en\/pays-de-fayence\/","url":"https:\/\/maisonshotesprovence.com\/en\/pays-de-fayence\/","name":"Pays de Fayence - Les Maisons d&#039;h\u00f4tes de Provence","isPartOf":{"@id":"https:\/\/maisonshotesprovence.com\/#website"},"primaryImageOfPage":{"@id":"https:\/\/maisonshotesprovence.com\/en\/pays-de-fayence\/#primaryimage"},"image":{"@id":"https:\/\/maisonshotesprovence.com\/en\/pays-de-fayence\/#primaryimage"},"thumbnailUrl":"https:\/\/maisonshotesprovence.com\/wp-content\/uploads\/2023\/09\/ligne.png","datePublished":"2023-11-04T10:12:52+00:00","dateModified":"2024-04-11T05:00:25+00:00","breadcrumb":{"@id":"https:\/\/maisonshotesprovence.com\/en\/pays-de-fayence\/#breadcrumb"},"inLanguage":"en-US","potentialAction":[{"@type":"ReadAction","target":["https:\/\/maisonshotesprovence.com\/en\/pays-de-fayence\/"]}]},{"@type":"ImageObject","inLanguage":"en-US","@id":"https:\/\/maisonshotesprovence.com\/en\/pays-de-fayence\/#primaryimage","url":"https:\/\/maisonshotesprovence.com\/wp-content\/uploads\/2023\/09\/ligne.png","contentUrl":"https:\/\/maisonshotesprovence.com\/wp-content\/uploads\/2023\/09\/ligne.png"},{"@type":"BreadcrumbList","@id":"https:\/\/maisonshotesprovence.com\/en\/pays-de-fayence\/#breadcrumb","itemListElement":[{"@type":"ListItem","position":1,"name":"Accueil","item":"https:\/\/maisonshotesprovence.com\/en\/home\/"},{"@type":"ListItem","position":2,"name":"Pays de Fayence"}]},{"@type":"WebSite","@id":"https:\/\/maisonshotesprovence.com\/#website","url":"https:\/\/maisonshotesprovence.com\/","name":"Les Maisons d'h\u00f4tes de Provence","description":"","publisher":{"@id":"https:\/\/maisonshotesprovence.com\/#organization"},"potentialAction":[{"@type":"SearchAction","target":{"@type":"EntryPoint","urlTemplate":"https:\/\/maisonshotesprovence.com\/?s={search_term_string}"},"query-input":{"@type":"PropertyValueSpecification","valueRequired":true,"valueName":"search_term_string"}}],"inLanguage":"en-US"},{"@type":"Organization","@id":"https:\/\/maisonshotesprovence.com\/#organization","name":"Les Maisons d'h\u00f4tes de Provence","url":"https:\/\/maisonshotesprovence.com\/","logo":{"@type":"ImageObject","inLanguage":"en-US","@id":"https:\/\/maisonshotesprovence.com\/#\/schema\/logo\/image\/","url":"https:\/\/maisonshotesprovence.com\/wp-content\/uploads\/2023\/09\/logos_MHP_H_L.png","contentUrl":"https:\/\/maisonshotesprovence.com\/wp-content\/uploads\/2023\/09\/logos_MHP_H_L.png","width":495,"height":140,"caption":"Les Maisons d'h\u00f4tes de Provence"},"image":{"@id":"https:\/\/maisonshotesprovence.com\/#\/schema\/logo\/image\/"},"sameAs":["https:\/\/www.facebook.com\/maisonsdhotesdeprovence"]}]}},"_links":{"self":[{"href":"https:\/\/maisonshotesprovence.com\/en\/wp-json\/wp\/v2\/pages\/47731","targetHints":{"allow":["GET"]}}],"collection":[{"href":"https:\/\/maisonshotesprovence.com\/en\/wp-json\/wp\/v2\/pages"}],"about":[{"href":"https:\/\/maisonshotesprovence.com\/en\/wp-json\/wp\/v2\/types\/page"}],"author":[{"embeddable":true,"href":"https:\/\/maisonshotesprovence.com\/en\/wp-json\/wp\/v2\/users\/19"}],"replies":[{"embeddable":true,"href":"https:\/\/maisonshotesprovence.com\/en\/wp-json\/wp\/v2\/comments?post=47731"}],"version-history":[{"count":5,"href":"https:\/\/maisonshotesprovence.com\/en\/wp-json\/wp\/v2\/pages\/47731\/revisions"}],"predecessor-version":[{"id":52452,"href":"https:\/\/maisonshotesprovence.com\/en\/wp-json\/wp\/v2\/pages\/47731\/revisions\/52452"}],"wp:attachment":[{"href":"https:\/\/maisonshotesprovence.com\/en\/wp-json\/wp\/v2\/media?parent=47731"}],"wp:term":[{"taxonomy":"folder","embeddable":true,"href":"https:\/\/maisonshotesprovence.com\/en\/wp-json\/wp\/v2\/folder?post=47731"}],"curies":[{"name":"wp","href":"https:\/\/api.w.org\/{rel}","templated":true}]}}